{"id":23363,"date":"2025-05-07T17:51:53","date_gmt":"2025-05-07T15:51:53","guid":{"rendered":"https:\/\/www.daripel.it\/?post_type=product&#038;p=23363"},"modified":"2025-05-27T11:29:03","modified_gmt":"2025-05-27T09:29:03","slug":"tag-valigia-bio-tag300b","status":"publish","type":"product","link":"https:\/\/www.daripel.it\/en\/prodotto\/tag-valigia-bio-tag300b\/","title":{"rendered":"Tag valigia Bio- Tag300B"},"content":{"rendered":"<p>Tag valigia Bio con cinturino.<\/p>\n","protected":false},"excerpt":{"rendered":"<p><strong>Descrizione:<\/strong> tag valigia con fibbia in metallo.<\/p>\n<p><strong>Dimensioni:<\/strong> 9 x 6,5 cm<\/p>\n<p><strong>Materiale:<\/strong> realizzato in grape skin, \u00e8 realizzabile anche negli altri materiali della linea BIO (<em>nel caso in cui venga selezionato un materiale bio, sar\u00e0 fornita assistenza da parte di un esperto per individuare il materiale pi\u00f9 idoneo in relazione all\u2019articolo scelto<\/em>).<\/p>\n<p><strong>Personalizzazione:<\/strong> possibilit\u00e0 di personalizzarlo con stampa a caldo o con stampa serigrafica a 1 colore.<\/p>\n","protected":false},"featured_media":23364,"template":"","meta":[],"product_brand":[],"product_cat":[170,15,153],"product_tag":[],"class_list":{"0":"post-23363","1":"product","2":"type-product","3":"status-publish","4":"has-post-thumbnail","6":"product_cat-articoli-bio","7":"product_cat-uncategorized","8":"product_cat-viaggi","9":"wcpa_has_options","11":"first","12":"instock","13":"shipping-taxable","14":"purchasable","15":"product-type-simple"},"wcpa_form_fields":{"rules":{"pric_overide_base_price":false,"pric_overide_base_price_if_gt_zero":false,"pric_overide_base_price_fully":false,"pric_cal_option_once":false,"pric_use_as_fee":false,"bind_quantity":false,"quantity_bind_formula":false},"fields":[{"type":"number","elementId":"wcpa-number-1669632001597","label":"Numero Prodotti","description":"Seleziona la quantit\u00e0 di prodotti desiderata","value":"100","pricingType":"fixed","min":"100","name":"number-1669632001597","cl_rule":"show","col":6,"relations":false,"form_id":15957,"form_rules":{"pric_cal_option_once":false,"exclude_from_discount":false,"pric_use_as_fee":false,"fee_label":"Fee","render_after_acb":false,"disp_hide_options_price":false}},{"type":"select","elementId":"wcpa-select-1594655756580","label":"Materials","description":"Select the type of material","priceOptions":"different_for_all","pricingType":"fixed","name":"select-1594655756580","enableCl":true,"cl_rule":"hide","cl_val":"574","col":6,"values":[{"label":"Leather","value":"option-1","price":"","pimage":"","pimage_id":"","pthumb":""},{"label":"Synthetic Leather","value":"option-2","price":"","pimage":"","pimage_id":"","pthumb":""}],"relations":[{"operator":false,"rules":[{"operator":false,"rules":{"cl_field":"attribute","cl_relation":"pa_materiale","cl_val":""}}]}],"form_id":15957,"form_rules":{"pric_cal_option_once":false,"exclude_from_discount":false,"pric_use_as_fee":false,"fee_label":"Fee","render_after_acb":false,"disp_hide_options_price":false}},{"type":"select","elementId":"wcpa-select-1748003332515","label":"Materiali","description":"Seleziona il tipo di materiale","priceOptions":"different_for_all","pricingType":"fixed","name":"select-1748003332513","enableCl":true,"cl_rule":"show","cl_val":"574","col":6,"values":[{"label":"Pelle","value":"option-1","price":"","pimage":"","pimage_id":"","pthumb":""},{"label":"Similpelle","value":"option-2","price":"","pimage":"","pimage_id":"","pthumb":""},{"label":"Materiale BIO","value":"option-3","price":"","pimage":"","pimage_id":"","pthumb":""}],"relations":[{"operator":false,"rules":[{"operator":false,"rules":{"cl_field":"attribute","cl_relation":"pa_materiale","cl_val":""}}]}],"form_id":15957,"form_rules":{"pric_cal_option_once":false,"exclude_from_discount":false,"pric_use_as_fee":false,"fee_label":"Fee","render_after_acb":false,"disp_hide_options_price":false}},{"type":"select","elementId":"wcpa-select-1594655761518","label":"Tipe of Customization","description":"Select the type of print you want","priceOptions":"different_for_all","pricingType":"fixed","name":"select-1594655761518","cl_rule":"show","col":6,"values":[{"label":"1 color screen printing","value":"option-1","price":"","pimage":"","pimage_id":"","pthumb":""},{"label":"Hot Stamping","value":"option-2","price":"","pimage":"","pimage_id":"","pthumb":""}],"relations":false,"form_id":15957,"form_rules":{"pric_cal_option_once":false,"exclude_from_discount":false,"pric_use_as_fee":false,"fee_label":"Fee","render_after_acb":false,"disp_hide_options_price":false}},{"type":"file","elementId":"wcpa-file-1594655765359","label":"Upload Image","description":"Insert here the image to print on the article","pricingType":"fixed","ajax_upload":true,"name":"file-1594655765359","showUploadPreview":true,"cl_rule":"show","col":6,"relations":false,"form_id":15957,"form_rules":{"pric_cal_option_once":false,"exclude_from_discount":false,"pric_use_as_fee":false,"fee_label":"Fee","render_after_acb":false,"disp_hide_options_price":false}},{"type":"text","elementId":"wcpa-text-1594655769124","label":"More Info","description":"Write here if there are special requests or additional info","pricingType":"fixed","name":"text-1594655769124","subtype":"text","cl_rule":"show","col":6,"relations":false,"form_id":15957,"form_rules":{"pric_cal_option_once":false,"exclude_from_discount":false,"pric_use_as_fee":false,"fee_label":"Fee","render_after_acb":false,"disp_hide_options_price":false}}]},"yoast_head":"<!-- This site is optimized with the Yoast SEO plugin v27.4 - https:\/\/yoast.com\/product\/yoast-seo-wordpress\/ -->\n<title>Tag valigia Bio- Tag300B - Daripel<\/title>\n<meta name=\"robots\" content=\"index, follow, max-snippet:-1, max-image-preview:large, max-video-preview:-1\" \/>\n<link rel=\"canonical\" href=\"https:\/\/www.daripel.it\/en\/prodotto\/tag-valigia-bio-tag300b\/\" \/>\n<meta property=\"og:locale\" content=\"en_US\" \/>\n<meta property=\"og:type\" content=\"article\" \/>\n<meta property=\"og:title\" content=\"Tag valigia Bio- Tag300B - Daripel\" \/>\n<meta property=\"og:description\" content=\"Descrizione: tag valigia con fibbia in metallo.  Dimensioni: 9 x 6,5 cm  Materiale: realizzato in grape skin, \u00e8 realizzabile anche negli altri materiali della linea BIO (nel caso in cui venga selezionato un materiale bio, sar\u00e0 fornita assistenza da parte di un esperto per individuare il materiale pi\u00f9 idoneo in relazione all\u2019articolo scelto).  Personalizzazione: possibilit\u00e0 di personalizzarlo con stampa a caldo o con stampa serigrafica a 1 colore.\" \/>\n<meta property=\"og:url\" content=\"https:\/\/www.daripel.it\/en\/prodotto\/tag-valigia-bio-tag300b\/\" \/>\n<meta property=\"og:site_name\" content=\"Daripel\" \/>\n<meta property=\"article:publisher\" content=\"https:\/\/www.facebook.com\/daripelsrl\" \/>\n<meta property=\"article:modified_time\" content=\"2025-05-27T09:29:03+00:00\" \/>\n<meta property=\"og:image\" content=\"https:\/\/www.daripel.it\/wp-content\/uploads\/2025\/05\/TAG300-GRAPESKIN.webp\" \/>\n\t<meta property=\"og:image:width\" content=\"945\" \/>\n\t<meta property=\"og:image:height\" content=\"944\" \/>\n\t<meta property=\"og:image:type\" content=\"image\/webp\" \/>\n<meta name=\"twitter:card\" content=\"summary_large_image\" \/>\n<meta name=\"twitter:label1\" content=\"Est. reading time\" \/>\n\t<meta name=\"twitter:data1\" content=\"1 minute\" \/>\n<script type=\"application\/ld+json\" class=\"yoast-schema-graph\">{\"@context\":\"https:\\\/\\\/schema.org\",\"@graph\":[{\"@type\":\"WebPage\",\"@id\":\"https:\\\/\\\/www.daripel.it\\\/en\\\/prodotto\\\/tag-valigia-bio-tag300b\\\/\",\"url\":\"https:\\\/\\\/www.daripel.it\\\/en\\\/prodotto\\\/tag-valigia-bio-tag300b\\\/\",\"name\":\"Tag valigia Bio- Tag300B - Daripel\",\"isPartOf\":{\"@id\":\"https:\\\/\\\/www.daripel.it\\\/en\\\/#website\"},\"primaryImageOfPage\":{\"@id\":\"https:\\\/\\\/www.daripel.it\\\/en\\\/prodotto\\\/tag-valigia-bio-tag300b\\\/#primaryimage\"},\"image\":{\"@id\":\"https:\\\/\\\/www.daripel.it\\\/en\\\/prodotto\\\/tag-valigia-bio-tag300b\\\/#primaryimage\"},\"thumbnailUrl\":\"https:\\\/\\\/www.daripel.it\\\/wp-content\\\/uploads\\\/2025\\\/05\\\/TAG300-GRAPESKIN.webp\",\"datePublished\":\"2025-05-07T15:51:53+00:00\",\"dateModified\":\"2025-05-27T09:29:03+00:00\",\"breadcrumb\":{\"@id\":\"https:\\\/\\\/www.daripel.it\\\/en\\\/prodotto\\\/tag-valigia-bio-tag300b\\\/#breadcrumb\"},\"inLanguage\":\"en-US\",\"potentialAction\":[{\"@type\":\"ReadAction\",\"target\":[\"https:\\\/\\\/www.daripel.it\\\/en\\\/prodotto\\\/tag-valigia-bio-tag300b\\\/\"]}]},{\"@type\":\"ImageObject\",\"inLanguage\":\"en-US\",\"@id\":\"https:\\\/\\\/www.daripel.it\\\/en\\\/prodotto\\\/tag-valigia-bio-tag300b\\\/#primaryimage\",\"url\":\"https:\\\/\\\/www.daripel.it\\\/wp-content\\\/uploads\\\/2025\\\/05\\\/TAG300-GRAPESKIN.webp\",\"contentUrl\":\"https:\\\/\\\/www.daripel.it\\\/wp-content\\\/uploads\\\/2025\\\/05\\\/TAG300-GRAPESKIN.webp\",\"width\":945,\"height\":944},{\"@type\":\"BreadcrumbList\",\"@id\":\"https:\\\/\\\/www.daripel.it\\\/en\\\/prodotto\\\/tag-valigia-bio-tag300b\\\/#breadcrumb\",\"itemListElement\":[{\"@type\":\"ListItem\",\"position\":1,\"name\":\"Home\",\"item\":\"https:\\\/\\\/www.daripel.it\\\/en\\\/\"},{\"@type\":\"ListItem\",\"position\":2,\"name\":\"Shop\",\"item\":\"https:\\\/\\\/www.daripel.it\\\/en\\\/shop\\\/\"},{\"@type\":\"ListItem\",\"position\":3,\"name\":\"Tag valigia Bio- Tag300B\"}]},{\"@type\":\"WebSite\",\"@id\":\"https:\\\/\\\/www.daripel.it\\\/en\\\/#website\",\"url\":\"https:\\\/\\\/www.daripel.it\\\/en\\\/\",\"name\":\"Daripel\",\"description\":\"Prodotti su misura Made in Italy\",\"publisher\":{\"@id\":\"https:\\\/\\\/www.daripel.it\\\/en\\\/#organization\"},\"potentialAction\":[{\"@type\":\"SearchAction\",\"target\":{\"@type\":\"EntryPoint\",\"urlTemplate\":\"https:\\\/\\\/www.daripel.it\\\/en\\\/?s={search_term_string}\"},\"query-input\":{\"@type\":\"PropertyValueSpecification\",\"valueRequired\":true,\"valueName\":\"search_term_string\"}}],\"inLanguage\":\"en-US\"},{\"@type\":\"Organization\",\"@id\":\"https:\\\/\\\/www.daripel.it\\\/en\\\/#organization\",\"name\":\"Daripel\",\"url\":\"https:\\\/\\\/www.daripel.it\\\/en\\\/\",\"logo\":{\"@type\":\"ImageObject\",\"inLanguage\":\"en-US\",\"@id\":\"https:\\\/\\\/www.daripel.it\\\/en\\\/#\\\/schema\\\/logo\\\/image\\\/\",\"url\":\"https:\\\/\\\/www.daripel.it\\\/wp-content\\\/uploads\\\/2020\\\/06\\\/daripel-logo@4x.png\",\"contentUrl\":\"https:\\\/\\\/www.daripel.it\\\/wp-content\\\/uploads\\\/2020\\\/06\\\/daripel-logo@4x.png\",\"width\":854,\"height\":198,\"caption\":\"Daripel\"},\"image\":{\"@id\":\"https:\\\/\\\/www.daripel.it\\\/en\\\/#\\\/schema\\\/logo\\\/image\\\/\"},\"sameAs\":[\"https:\\\/\\\/www.facebook.com\\\/daripelsrl\",\"https:\\\/\\\/www.instagram.com\\\/daripel\\\/\",\"https:\\\/\\\/www.linkedin.com\\\/company\\\/68868727\\\/admin\\\/feed\\\/posts\\\/\"]}]}<\/script>\n<!-- \/ Yoast SEO plugin. -->","yoast_head_json":{"title":"Tag valigia Bio- Tag300B - Daripel","robots":{"index":"index","follow":"follow","max-snippet":"max-snippet:-1","max-image-preview":"max-image-preview:large","max-video-preview":"max-video-preview:-1"},"canonical":"https:\/\/www.daripel.it\/en\/prodotto\/tag-valigia-bio-tag300b\/","og_locale":"en_US","og_type":"article","og_title":"Tag valigia Bio- Tag300B - Daripel","og_description":"Descrizione: tag valigia con fibbia in metallo.  Dimensioni: 9 x 6,5 cm  Materiale: realizzato in grape skin, \u00e8 realizzabile anche negli altri materiali della linea BIO (nel caso in cui venga selezionato un materiale bio, sar\u00e0 fornita assistenza da parte di un esperto per individuare il materiale pi\u00f9 idoneo in relazione all\u2019articolo scelto).  Personalizzazione: possibilit\u00e0 di personalizzarlo con stampa a caldo o con stampa serigrafica a 1 colore.","og_url":"https:\/\/www.daripel.it\/en\/prodotto\/tag-valigia-bio-tag300b\/","og_site_name":"Daripel","article_publisher":"https:\/\/www.facebook.com\/daripelsrl","article_modified_time":"2025-05-27T09:29:03+00:00","og_image":[{"width":945,"height":944,"url":"https:\/\/www.daripel.it\/wp-content\/uploads\/2025\/05\/TAG300-GRAPESKIN.webp","type":"image\/webp"}],"twitter_card":"summary_large_image","twitter_misc":{"Est. reading time":"1 minute"},"schema":{"@context":"https:\/\/schema.org","@graph":[{"@type":"WebPage","@id":"https:\/\/www.daripel.it\/en\/prodotto\/tag-valigia-bio-tag300b\/","url":"https:\/\/www.daripel.it\/en\/prodotto\/tag-valigia-bio-tag300b\/","name":"Tag valigia Bio- Tag300B - Daripel","isPartOf":{"@id":"https:\/\/www.daripel.it\/en\/#website"},"primaryImageOfPage":{"@id":"https:\/\/www.daripel.it\/en\/prodotto\/tag-valigia-bio-tag300b\/#primaryimage"},"image":{"@id":"https:\/\/www.daripel.it\/en\/prodotto\/tag-valigia-bio-tag300b\/#primaryimage"},"thumbnailUrl":"https:\/\/www.daripel.it\/wp-content\/uploads\/2025\/05\/TAG300-GRAPESKIN.webp","datePublished":"2025-05-07T15:51:53+00:00","dateModified":"2025-05-27T09:29:03+00:00","breadcrumb":{"@id":"https:\/\/www.daripel.it\/en\/prodotto\/tag-valigia-bio-tag300b\/#breadcrumb"},"inLanguage":"en-US","potentialAction":[{"@type":"ReadAction","target":["https:\/\/www.daripel.it\/en\/prodotto\/tag-valigia-bio-tag300b\/"]}]},{"@type":"ImageObject","inLanguage":"en-US","@id":"https:\/\/www.daripel.it\/en\/prodotto\/tag-valigia-bio-tag300b\/#primaryimage","url":"https:\/\/www.daripel.it\/wp-content\/uploads\/2025\/05\/TAG300-GRAPESKIN.webp","contentUrl":"https:\/\/www.daripel.it\/wp-content\/uploads\/2025\/05\/TAG300-GRAPESKIN.webp","width":945,"height":944},{"@type":"BreadcrumbList","@id":"https:\/\/www.daripel.it\/en\/prodotto\/tag-valigia-bio-tag300b\/#breadcrumb","itemListElement":[{"@type":"ListItem","position":1,"name":"Home","item":"https:\/\/www.daripel.it\/en\/"},{"@type":"ListItem","position":2,"name":"Shop","item":"https:\/\/www.daripel.it\/en\/shop\/"},{"@type":"ListItem","position":3,"name":"Tag valigia Bio- Tag300B"}]},{"@type":"WebSite","@id":"https:\/\/www.daripel.it\/en\/#website","url":"https:\/\/www.daripel.it\/en\/","name":"Daripel","description":"Prodotti su misura Made in Italy","publisher":{"@id":"https:\/\/www.daripel.it\/en\/#organization"},"potentialAction":[{"@type":"SearchAction","target":{"@type":"EntryPoint","urlTemplate":"https:\/\/www.daripel.it\/en\/?s={search_term_string}"},"query-input":{"@type":"PropertyValueSpecification","valueRequired":true,"valueName":"search_term_string"}}],"inLanguage":"en-US"},{"@type":"Organization","@id":"https:\/\/www.daripel.it\/en\/#organization","name":"Daripel","url":"https:\/\/www.daripel.it\/en\/","logo":{"@type":"ImageObject","inLanguage":"en-US","@id":"https:\/\/www.daripel.it\/en\/#\/schema\/logo\/image\/","url":"https:\/\/www.daripel.it\/wp-content\/uploads\/2020\/06\/daripel-logo@4x.png","contentUrl":"https:\/\/www.daripel.it\/wp-content\/uploads\/2020\/06\/daripel-logo@4x.png","width":854,"height":198,"caption":"Daripel"},"image":{"@id":"https:\/\/www.daripel.it\/en\/#\/schema\/logo\/image\/"},"sameAs":["https:\/\/www.facebook.com\/daripelsrl","https:\/\/www.instagram.com\/daripel\/","https:\/\/www.linkedin.com\/company\/68868727\/admin\/feed\/posts\/"]}]}},"_links":{"self":[{"href":"https:\/\/www.daripel.it\/en\/wp-json\/wp\/v2\/product\/23363","targetHints":{"allow":["GET"]}}],"collection":[{"href":"https:\/\/www.daripel.it\/en\/wp-json\/wp\/v2\/product"}],"about":[{"href":"https:\/\/www.daripel.it\/en\/wp-json\/wp\/v2\/types\/product"}],"wp:featuredmedia":[{"embeddable":true,"href":"https:\/\/www.daripel.it\/en\/wp-json\/wp\/v2\/media\/23364"}],"wp:attachment":[{"href":"https:\/\/www.daripel.it\/en\/wp-json\/wp\/v2\/media?parent=23363"}],"wp:term":[{"taxonomy":"product_brand","embeddable":true,"href":"https:\/\/www.daripel.it\/en\/wp-json\/wp\/v2\/product_brand?post=23363"},{"taxonomy":"product_cat","embeddable":true,"href":"https:\/\/www.daripel.it\/en\/wp-json\/wp\/v2\/product_cat?post=23363"},{"taxonomy":"product_tag","embeddable":true,"href":"https:\/\/www.daripel.it\/en\/wp-json\/wp\/v2\/product_tag?post=23363"}],"curies":[{"name":"wp","href":"https:\/\/api.w.org\/{rel}","templated":true}]}}