{"id":22503,"date":"2022-12-06T17:29:47","date_gmt":"2025-04-18T07:04:44","guid":{"rendered":"https:\/\/www.daripel.it\/prodotto\/petits-vide-poches-svu200-r\/"},"modified":"2025-04-18T09:04:44","modified_gmt":"2025-04-18T07:04:44","slug":"petits-vide-poches-svu200-r","status":"publish","type":"product","link":"https:\/\/www.daripel.it\/fr\/prodotto\/petits-vide-poches-svu200-r\/","title":{"rendered":"Petits vide-poches &#8211; SVU200\/R"},"content":{"rendered":"<h3>Petits vide-poches.<\/h3>\n<p>en cuir r\u00e9g\u00e9n\u00e9r\u00e9.<\/p>\n<p>&nbsp;<\/p>\n<p>Historiquement, dans le secteur de la maroquinerie, le cuir r\u00e9g\u00e9n\u00e9r\u00e9 a toujours \u00e9t\u00e9 utilis\u00e9 comme support ou renfort des mat\u00e9riaux les plus pr\u00e9cieux, les plus \u00ab nobles \u00bb dans la cr\u00e9ation de divers produits qui devaient avoir une consistance solide. Aujourd&rsquo;hui, avec l&rsquo;attention qui est port\u00e9e, \u00e0 juste titre, \u00e0 l&rsquo;ensemble du secteur des produits durables et \u00e9cologiques, il a \u00e9t\u00e9 anobli, et gr\u00e2ce \u00e0 des m\u00e9thodes de fabrication modernes qui permettent de ne plus utiliser de colles chimiques mais uniquement des produits naturels, il est promu \u00e0 un acteur de premier plan sur la sc\u00e8ne de la production d&rsquo;objets durables.<\/p>\n","protected":false},"excerpt":{"rendered":"<p><strong>Description<\/strong> : petites poches vides rectangulaires, r\u00e9alis\u00e9es en cuir r\u00e9g\u00e9n\u00e9r\u00e9 avec double \u00e9paisseur \u00e0 la base et surpiq\u00fbres contrast\u00e9es. Fix\u00e9 aux coins avec des boutons autobloquants en m\u00e9tal sans nickel.<\/p>\n<p><strong>Dimensions<\/strong>: base 16 x 9 cm.<\/p>\n<p><strong>Mati\u00e8re<\/strong> : cuir r\u00e9g\u00e9n\u00e9r\u00e9.<\/p>\n<p><strong>Personnalisation<\/strong> : personnalisable par marquage \u00e0 chaud ou par s\u00e9rigraphie.<\/p>\n","protected":false},"featured_media":22504,"template":"","meta":[],"product_brand":[],"product_cat":[463,441],"product_tag":[],"class_list":{"0":"post-22503","1":"product","2":"type-product","3":"status-publish","4":"has-post-thumbnail","6":"product_cat-accessoires-de-bureau","7":"product_cat-articles-bio","8":"wcpa_has_options","10":"first","11":"instock","12":"shipping-taxable","13":"purchasable","14":"product-type-simple"},"wcpa_form_fields":{"rules":{"pric_overide_base_price":false,"pric_overide_base_price_if_gt_zero":false,"pric_overide_base_price_fully":false,"pric_cal_option_once":false,"pric_use_as_fee":false,"bind_quantity":false,"quantity_bind_formula":false},"fields":[{"type":"number","elementId":"wcpa-number-1669632001597","label":"Nombre de produits","description":"S\u00e9lectionnez la quantit\u00e9 de produits souhait\u00e9e","value":"100","pricingType":"fixed","min":"100","name":"number-1669632001597","cl_rule":"show","col":6,"relations":false,"form_id":22334,"form_rules":{"pric_cal_option_once":false,"exclude_from_discount":false,"pric_use_as_fee":false,"fee_label":"Fee","render_after_acb":false,"disp_hide_options_price":false}},{"type":"select","elementId":"wcpa-select-1594655756580","label":"Mat\u00e9riaux","description":"S\u00e9lectionner le type de mat\u00e9riau","priceOptions":"different_for_all","pricingType":"fixed","name":"select-1594655756580","enableCl":true,"cl_rule":"hide","cl_val":"574","col":6,"values":[{"label":"Cuir","value":"option-1","price":"","pimage":"","pimage_id":"","pthumb":""},{"label":"Similicuir","value":"option-2","price":"","pimage":"","pimage_id":"","pthumb":""}],"relations":[{"operator":false,"rules":[{"operator":false,"rules":{"cl_field":"attribute","cl_relation":"pa_materiale","cl_val":""}}]}],"form_id":22334,"form_rules":{"pric_cal_option_once":false,"exclude_from_discount":false,"pric_use_as_fee":false,"fee_label":"Fee","render_after_acb":false,"disp_hide_options_price":false}},{"type":"select","elementId":"wcpa-select-1748003332515","label":"Materiali","description":"Seleziona il tipo di materiale","priceOptions":"different_for_all","pricingType":"fixed","name":"select-1748003332513","enableCl":true,"cl_rule":"show","cl_val":"574","col":6,"values":[{"label":"Pelle","value":"option-1","price":"","pimage":"","pimage_id":"","pthumb":""},{"label":"Similpelle","value":"option-2","price":"","pimage":"","pimage_id":"","pthumb":""},{"label":"Materiale BIO","value":"option-3","price":"","pimage":"","pimage_id":"","pthumb":""}],"relations":[{"operator":false,"rules":[{"operator":false,"rules":{"cl_field":"attribute","cl_relation":"pa_materiale","cl_val":""}}]}],"form_id":22334,"form_rules":{"pric_cal_option_once":false,"exclude_from_discount":false,"pric_use_as_fee":false,"fee_label":"Fee","render_after_acb":false,"disp_hide_options_price":false}},{"type":"select","elementId":"wcpa-select-1594655761518","label":"Type d'impression","description":"S\u00e9lectionner le type d'impression","priceOptions":"different_for_all","pricingType":"fixed","name":"select-1594655761518","cl_rule":"show","col":6,"values":[{"label":"Impression en 1 couleur","value":"option-1","price":"","pimage":"","pimage_id":"","pthumb":""},{"label":"Marquage \u00e0 chaud","value":"option-2","price":"","pimage":"","pimage_id":"","pthumb":""}],"relations":false,"form_id":22334,"form_rules":{"pric_cal_option_once":false,"exclude_from_discount":false,"pric_use_as_fee":false,"fee_label":"Fee","render_after_acb":false,"disp_hide_options_price":false}},{"type":"file","elementId":"wcpa-file-1594655765359","label":"T\u00e9l\u00e9charger l'image","description":"Ins\u00e9rer ici l'image \u00e0 imprimer sur l'article","pricingType":"fixed","ajax_upload":true,"name":"file-1594655765359","showUploadPreview":true,"cl_rule":"show","col":6,"relations":false,"form_id":22334,"form_rules":{"pric_cal_option_once":false,"exclude_from_discount":false,"pric_use_as_fee":false,"fee_label":"Fee","render_after_acb":false,"disp_hide_options_price":false}},{"type":"text","elementId":"wcpa-text-1594655769124","label":"Plus d'informations","description":"\u00c9crivez ici si vous avez des demandes sp\u00e9ciales ou des informations suppl\u00e9mentaires.","pricingType":"fixed","name":"text-1594655769124","subtype":"text","cl_rule":"show","col":6,"relations":false,"form_id":22334,"form_rules":{"pric_cal_option_once":false,"exclude_from_discount":false,"pric_use_as_fee":false,"fee_label":"Fee","render_after_acb":false,"disp_hide_options_price":false}}]},"yoast_head":"<!-- This site is optimized with the Yoast SEO plugin v25.1 - https:\/\/yoast.com\/wordpress\/plugins\/seo\/ -->\n<title>Petits vide-poches - SVU200\/R - Daripel<\/title>\n<meta name=\"robots\" content=\"index, follow, max-snippet:-1, max-image-preview:large, max-video-preview:-1\" \/>\n<link rel=\"canonical\" href=\"https:\/\/www.daripel.it\/fr\/prodotto\/petits-vide-poches-svu200-r\/\" \/>\n<meta property=\"og:locale\" content=\"fr_FR\" \/>\n<meta property=\"og:type\" content=\"article\" \/>\n<meta property=\"og:title\" content=\"Petits vide-poches - SVU200\/R - Daripel\" \/>\n<meta property=\"og:description\" content=\"Description : petites poches vides rectangulaires, r\u00e9alis\u00e9es en cuir r\u00e9g\u00e9n\u00e9r\u00e9 avec double \u00e9paisseur \u00e0 la base et surpiq\u00fbres contrast\u00e9es. Fix\u00e9 aux coins avec des boutons autobloquants en m\u00e9tal sans nickel. Dimensions: base 16 x 9 cm. Mati\u00e8re : cuir r\u00e9g\u00e9n\u00e9r\u00e9. Personnalisation : personnalisable par marquage \u00e0 chaud ou par s\u00e9rigraphie.\" \/>\n<meta property=\"og:url\" content=\"https:\/\/www.daripel.it\/fr\/prodotto\/petits-vide-poches-svu200-r\/\" \/>\n<meta property=\"og:site_name\" content=\"Daripel\" \/>\n<meta property=\"article:publisher\" content=\"https:\/\/www.facebook.com\/daripelsrl\" \/>\n<meta name=\"twitter:card\" content=\"summary_large_image\" \/>\n<meta name=\"twitter:label1\" content=\"Dur\u00e9e de lecture estim\u00e9e\" \/>\n\t<meta name=\"twitter:data1\" content=\"1 minute\" \/>\n<script type=\"application\/ld+json\" class=\"yoast-schema-graph\">{\"@context\":\"https:\/\/schema.org\",\"@graph\":[{\"@type\":\"WebPage\",\"@id\":\"https:\/\/www.daripel.it\/fr\/prodotto\/petits-vide-poches-svu200-r\/\",\"url\":\"https:\/\/www.daripel.it\/fr\/prodotto\/petits-vide-poches-svu200-r\/\",\"name\":\"Petits vide-poches - SVU200\/R - Daripel\",\"isPartOf\":{\"@id\":\"https:\/\/www.daripel.it\/fr\/#website\"},\"primaryImageOfPage\":{\"@id\":\"https:\/\/www.daripel.it\/fr\/prodotto\/petits-vide-poches-svu200-r\/#primaryimage\"},\"image\":{\"@id\":\"https:\/\/www.daripel.it\/fr\/prodotto\/petits-vide-poches-svu200-r\/#primaryimage\"},\"thumbnailUrl\":\"https:\/\/www.daripel.it\/wp-content\/uploads\/2022\/12\/Svuota-tasche-piccolo.png\",\"datePublished\":\"2025-04-18T07:04:44+00:00\",\"breadcrumb\":{\"@id\":\"https:\/\/www.daripel.it\/fr\/prodotto\/petits-vide-poches-svu200-r\/#breadcrumb\"},\"inLanguage\":\"fr-FR\",\"potentialAction\":[{\"@type\":\"ReadAction\",\"target\":[\"https:\/\/www.daripel.it\/fr\/prodotto\/petits-vide-poches-svu200-r\/\"]}]},{\"@type\":\"ImageObject\",\"inLanguage\":\"fr-FR\",\"@id\":\"https:\/\/www.daripel.it\/fr\/prodotto\/petits-vide-poches-svu200-r\/#primaryimage\",\"url\":\"https:\/\/www.daripel.it\/wp-content\/uploads\/2022\/12\/Svuota-tasche-piccolo.png\",\"contentUrl\":\"https:\/\/www.daripel.it\/wp-content\/uploads\/2022\/12\/Svuota-tasche-piccolo.png\",\"width\":938,\"height\":940},{\"@type\":\"BreadcrumbList\",\"@id\":\"https:\/\/www.daripel.it\/fr\/prodotto\/petits-vide-poches-svu200-r\/#breadcrumb\",\"itemListElement\":[{\"@type\":\"ListItem\",\"position\":1,\"name\":\"Home\",\"item\":\"https:\/\/www.daripel.it\/fr\/\"},{\"@type\":\"ListItem\",\"position\":2,\"name\":\"Produits\",\"item\":\"https:\/\/www.daripel.it\/produits\/\"},{\"@type\":\"ListItem\",\"position\":3,\"name\":\"Petits vide-poches &#8211; SVU200\/R\"}]},{\"@type\":\"WebSite\",\"@id\":\"https:\/\/www.daripel.it\/fr\/#website\",\"url\":\"https:\/\/www.daripel.it\/fr\/\",\"name\":\"Daripel\",\"description\":\"Prodotti su misura Made in Italy\",\"publisher\":{\"@id\":\"https:\/\/www.daripel.it\/fr\/#organization\"},\"potentialAction\":[{\"@type\":\"SearchAction\",\"target\":{\"@type\":\"EntryPoint\",\"urlTemplate\":\"https:\/\/www.daripel.it\/fr\/?s={search_term_string}\"},\"query-input\":{\"@type\":\"PropertyValueSpecification\",\"valueRequired\":true,\"valueName\":\"search_term_string\"}}],\"inLanguage\":\"fr-FR\"},{\"@type\":\"Organization\",\"@id\":\"https:\/\/www.daripel.it\/fr\/#organization\",\"name\":\"Daripel\",\"url\":\"https:\/\/www.daripel.it\/fr\/\",\"logo\":{\"@type\":\"ImageObject\",\"inLanguage\":\"fr-FR\",\"@id\":\"https:\/\/www.daripel.it\/fr\/#\/schema\/logo\/image\/\",\"url\":\"https:\/\/www.daripel.it\/wp-content\/uploads\/2020\/06\/daripel-logo@4x.png\",\"contentUrl\":\"https:\/\/www.daripel.it\/wp-content\/uploads\/2020\/06\/daripel-logo@4x.png\",\"width\":854,\"height\":198,\"caption\":\"Daripel\"},\"image\":{\"@id\":\"https:\/\/www.daripel.it\/fr\/#\/schema\/logo\/image\/\"},\"sameAs\":[\"https:\/\/www.facebook.com\/daripelsrl\",\"https:\/\/www.instagram.com\/daripel\/\",\"https:\/\/www.linkedin.com\/company\/68868727\/admin\/feed\/posts\/\"]}]}<\/script>\n<!-- \/ Yoast SEO plugin. -->","yoast_head_json":{"title":"Petits vide-poches - SVU200\/R - Daripel","robots":{"index":"index","follow":"follow","max-snippet":"max-snippet:-1","max-image-preview":"max-image-preview:large","max-video-preview":"max-video-preview:-1"},"canonical":"https:\/\/www.daripel.it\/fr\/prodotto\/petits-vide-poches-svu200-r\/","og_locale":"fr_FR","og_type":"article","og_title":"Petits vide-poches - SVU200\/R - Daripel","og_description":"Description : petites poches vides rectangulaires, r\u00e9alis\u00e9es en cuir r\u00e9g\u00e9n\u00e9r\u00e9 avec double \u00e9paisseur \u00e0 la base et surpiq\u00fbres contrast\u00e9es. Fix\u00e9 aux coins avec des boutons autobloquants en m\u00e9tal sans nickel. Dimensions: base 16 x 9 cm. Mati\u00e8re : cuir r\u00e9g\u00e9n\u00e9r\u00e9. Personnalisation : personnalisable par marquage \u00e0 chaud ou par s\u00e9rigraphie.","og_url":"https:\/\/www.daripel.it\/fr\/prodotto\/petits-vide-poches-svu200-r\/","og_site_name":"Daripel","article_publisher":"https:\/\/www.facebook.com\/daripelsrl","twitter_card":"summary_large_image","twitter_misc":{"Dur\u00e9e de lecture estim\u00e9e":"1 minute"},"schema":{"@context":"https:\/\/schema.org","@graph":[{"@type":"WebPage","@id":"https:\/\/www.daripel.it\/fr\/prodotto\/petits-vide-poches-svu200-r\/","url":"https:\/\/www.daripel.it\/fr\/prodotto\/petits-vide-poches-svu200-r\/","name":"Petits vide-poches - SVU200\/R - Daripel","isPartOf":{"@id":"https:\/\/www.daripel.it\/fr\/#website"},"primaryImageOfPage":{"@id":"https:\/\/www.daripel.it\/fr\/prodotto\/petits-vide-poches-svu200-r\/#primaryimage"},"image":{"@id":"https:\/\/www.daripel.it\/fr\/prodotto\/petits-vide-poches-svu200-r\/#primaryimage"},"thumbnailUrl":"https:\/\/www.daripel.it\/wp-content\/uploads\/2022\/12\/Svuota-tasche-piccolo.png","datePublished":"2025-04-18T07:04:44+00:00","breadcrumb":{"@id":"https:\/\/www.daripel.it\/fr\/prodotto\/petits-vide-poches-svu200-r\/#breadcrumb"},"inLanguage":"fr-FR","potentialAction":[{"@type":"ReadAction","target":["https:\/\/www.daripel.it\/fr\/prodotto\/petits-vide-poches-svu200-r\/"]}]},{"@type":"ImageObject","inLanguage":"fr-FR","@id":"https:\/\/www.daripel.it\/fr\/prodotto\/petits-vide-poches-svu200-r\/#primaryimage","url":"https:\/\/www.daripel.it\/wp-content\/uploads\/2022\/12\/Svuota-tasche-piccolo.png","contentUrl":"https:\/\/www.daripel.it\/wp-content\/uploads\/2022\/12\/Svuota-tasche-piccolo.png","width":938,"height":940},{"@type":"BreadcrumbList","@id":"https:\/\/www.daripel.it\/fr\/prodotto\/petits-vide-poches-svu200-r\/#breadcrumb","itemListElement":[{"@type":"ListItem","position":1,"name":"Home","item":"https:\/\/www.daripel.it\/fr\/"},{"@type":"ListItem","position":2,"name":"Produits","item":"https:\/\/www.daripel.it\/produits\/"},{"@type":"ListItem","position":3,"name":"Petits vide-poches &#8211; SVU200\/R"}]},{"@type":"WebSite","@id":"https:\/\/www.daripel.it\/fr\/#website","url":"https:\/\/www.daripel.it\/fr\/","name":"Daripel","description":"Prodotti su misura Made in Italy","publisher":{"@id":"https:\/\/www.daripel.it\/fr\/#organization"},"potentialAction":[{"@type":"SearchAction","target":{"@type":"EntryPoint","urlTemplate":"https:\/\/www.daripel.it\/fr\/?s={search_term_string}"},"query-input":{"@type":"PropertyValueSpecification","valueRequired":true,"valueName":"search_term_string"}}],"inLanguage":"fr-FR"},{"@type":"Organization","@id":"https:\/\/www.daripel.it\/fr\/#organization","name":"Daripel","url":"https:\/\/www.daripel.it\/fr\/","logo":{"@type":"ImageObject","inLanguage":"fr-FR","@id":"https:\/\/www.daripel.it\/fr\/#\/schema\/logo\/image\/","url":"https:\/\/www.daripel.it\/wp-content\/uploads\/2020\/06\/daripel-logo@4x.png","contentUrl":"https:\/\/www.daripel.it\/wp-content\/uploads\/2020\/06\/daripel-logo@4x.png","width":854,"height":198,"caption":"Daripel"},"image":{"@id":"https:\/\/www.daripel.it\/fr\/#\/schema\/logo\/image\/"},"sameAs":["https:\/\/www.facebook.com\/daripelsrl","https:\/\/www.instagram.com\/daripel\/","https:\/\/www.linkedin.com\/company\/68868727\/admin\/feed\/posts\/"]}]}},"_links":{"self":[{"href":"https:\/\/www.daripel.it\/fr\/wp-json\/wp\/v2\/product\/22503","targetHints":{"allow":["GET"]}}],"collection":[{"href":"https:\/\/www.daripel.it\/fr\/wp-json\/wp\/v2\/product"}],"about":[{"href":"https:\/\/www.daripel.it\/fr\/wp-json\/wp\/v2\/types\/product"}],"wp:featuredmedia":[{"embeddable":true,"href":"https:\/\/www.daripel.it\/fr\/wp-json\/wp\/v2\/media\/22504"}],"wp:attachment":[{"href":"https:\/\/www.daripel.it\/fr\/wp-json\/wp\/v2\/media?parent=22503"}],"wp:term":[{"taxonomy":"product_brand","embeddable":true,"href":"https:\/\/www.daripel.it\/fr\/wp-json\/wp\/v2\/product_brand?post=22503"},{"taxonomy":"product_cat","embeddable":true,"href":"https:\/\/www.daripel.it\/fr\/wp-json\/wp\/v2\/product_cat?post=22503"},{"taxonomy":"product_tag","embeddable":true,"href":"https:\/\/www.daripel.it\/fr\/wp-json\/wp\/v2\/product_tag?post=22503"}],"curies":[{"name":"wp","href":"https:\/\/api.w.org\/{rel}","templated":true}]}}