{"id":22528,"date":"2022-11-03T17:05:08","date_gmt":"2025-04-18T07:28:39","guid":{"rendered":"https:\/\/www.daripel.it\/prodotto\/agendas-e-notes-en-feutre-ag900-f-ag800-f\/"},"modified":"2025-04-18T09:28:39","modified_gmt":"2025-04-18T07:28:39","slug":"agendas-e-notes-en-feutre-ag900-f-ag800-f","status":"publish","type":"product","link":"https:\/\/www.daripel.it\/fr\/prodotto\/agendas-e-notes-en-feutre-ag900-f-ag800-f\/","title":{"rendered":"Agendas e Notes en feutre &#8211; AG900\/F-AG800\/F"},"content":{"rendered":"<h3>Agendas e Notes en feutre.<\/h3>\n<p>avec des housses amovibles en feutre PET recycl\u00e9.<\/p>\n<p>Disponible en diff\u00e9rentes tailles selon les besoins et les inserts. Possibilit\u00e9 de fermeture avec \u00e9lastique ou sangle et \u00e9lastique porte-stylo.<\/p>\n","protected":false},"excerpt":{"rendered":"<p><strong>Description<\/strong> : Agendas et carnets en feutre avec couvertures amovibles en feutre PET recycl\u00e9. Disponible en diff\u00e9rentes tailles selon les besoins et les inserts. Possibilit\u00e9 de fermeture avec \u00e9lastique ou sangle et \u00e9lastique porte-stylo.  <\/p>\n<p><strong>Dimensions<\/strong> : diverses.<\/p>\n<p><strong>Mati\u00e8re<\/strong> : feutre animal recycl\u00e9 et cuir r\u00e9g\u00e9n\u00e9r\u00e9.<\/p>\n<p><strong>Personnalisation<\/strong> : s\u00e9rigraphie ou marquage \u00e0 chaud sur application de patch en cuir r\u00e9g\u00e9n\u00e9r\u00e9.<\/p>\n","protected":false},"featured_media":22529,"template":"","meta":[],"product_brand":[],"product_cat":[464,441,467],"product_tag":[],"class_list":{"0":"post-22528","1":"product","2":"type-product","3":"status-publish","4":"has-post-thumbnail","6":"product_cat-agendas-et-organisateurs","7":"product_cat-articles-bio","8":"product_cat-uncategorized-fr","9":"wcpa_has_options","11":"first","12":"instock","13":"shipping-taxable","14":"purchasable","15":"product-type-simple"},"wcpa_form_fields":{"rules":{"pric_overide_base_price":false,"pric_overide_base_price_if_gt_zero":false,"pric_overide_base_price_fully":false,"pric_cal_option_once":false,"pric_use_as_fee":false,"bind_quantity":false,"quantity_bind_formula":false},"fields":[{"type":"number","elementId":"wcpa-number-1669632001597","label":"Nombre de produits","description":"S\u00e9lectionnez la quantit\u00e9 de produits souhait\u00e9e","value":"100","pricingType":"fixed","min":"100","name":"number-1669632001597","cl_rule":"show","col":6,"relations":false,"form_id":22334,"form_rules":{"pric_cal_option_once":false,"exclude_from_discount":false,"pric_use_as_fee":false,"fee_label":"Fee","render_after_acb":false,"disp_hide_options_price":false}},{"type":"select","elementId":"wcpa-select-1594655756580","label":"Mat\u00e9riaux","description":"S\u00e9lectionner le type de mat\u00e9riau","priceOptions":"different_for_all","pricingType":"fixed","name":"select-1594655756580","enableCl":true,"cl_rule":"hide","cl_val":"574","col":6,"values":[{"label":"Cuir","value":"option-1","price":"","pimage":"","pimage_id":"","pthumb":""},{"label":"Similicuir","value":"option-2","price":"","pimage":"","pimage_id":"","pthumb":""}],"relations":[{"operator":false,"rules":[{"operator":false,"rules":{"cl_field":"attribute","cl_relation":"pa_materiale","cl_val":""}}]}],"form_id":22334,"form_rules":{"pric_cal_option_once":false,"exclude_from_discount":false,"pric_use_as_fee":false,"fee_label":"Fee","render_after_acb":false,"disp_hide_options_price":false}},{"type":"select","elementId":"wcpa-select-1748003332515","label":"Materiali","description":"Seleziona il tipo di materiale","priceOptions":"different_for_all","pricingType":"fixed","name":"select-1748003332513","enableCl":true,"cl_rule":"show","cl_val":"574","col":6,"values":[{"label":"Pelle","value":"option-1","price":"","pimage":"","pimage_id":"","pthumb":""},{"label":"Similpelle","value":"option-2","price":"","pimage":"","pimage_id":"","pthumb":""},{"label":"Materiale BIO","value":"option-3","price":"","pimage":"","pimage_id":"","pthumb":""}],"relations":[{"operator":false,"rules":[{"operator":false,"rules":{"cl_field":"attribute","cl_relation":"pa_materiale","cl_val":""}}]}],"form_id":22334,"form_rules":{"pric_cal_option_once":false,"exclude_from_discount":false,"pric_use_as_fee":false,"fee_label":"Fee","render_after_acb":false,"disp_hide_options_price":false}},{"type":"select","elementId":"wcpa-select-1594655761518","label":"Type d'impression","description":"S\u00e9lectionner le type d'impression","priceOptions":"different_for_all","pricingType":"fixed","name":"select-1594655761518","cl_rule":"show","col":6,"values":[{"label":"Impression en 1 couleur","value":"option-1","price":"","pimage":"","pimage_id":"","pthumb":""},{"label":"Marquage \u00e0 chaud","value":"option-2","price":"","pimage":"","pimage_id":"","pthumb":""}],"relations":false,"form_id":22334,"form_rules":{"pric_cal_option_once":false,"exclude_from_discount":false,"pric_use_as_fee":false,"fee_label":"Fee","render_after_acb":false,"disp_hide_options_price":false}},{"type":"file","elementId":"wcpa-file-1594655765359","label":"T\u00e9l\u00e9charger l'image","description":"Ins\u00e9rer ici l'image \u00e0 imprimer sur l'article","pricingType":"fixed","ajax_upload":true,"name":"file-1594655765359","showUploadPreview":true,"cl_rule":"show","col":6,"relations":false,"form_id":22334,"form_rules":{"pric_cal_option_once":false,"exclude_from_discount":false,"pric_use_as_fee":false,"fee_label":"Fee","render_after_acb":false,"disp_hide_options_price":false}},{"type":"text","elementId":"wcpa-text-1594655769124","label":"Plus d'informations","description":"\u00c9crivez ici si vous avez des demandes sp\u00e9ciales ou des informations suppl\u00e9mentaires.","pricingType":"fixed","name":"text-1594655769124","subtype":"text","cl_rule":"show","col":6,"relations":false,"form_id":22334,"form_rules":{"pric_cal_option_once":false,"exclude_from_discount":false,"pric_use_as_fee":false,"fee_label":"Fee","render_after_acb":false,"disp_hide_options_price":false}}]},"yoast_head":"<!-- This site is optimized with the Yoast SEO plugin v25.1 - https:\/\/yoast.com\/wordpress\/plugins\/seo\/ -->\n<title>Agendas e Notes en feutre - AG900\/F-AG800\/F - Daripel<\/title>\n<meta name=\"robots\" content=\"index, follow, max-snippet:-1, max-image-preview:large, max-video-preview:-1\" \/>\n<link rel=\"canonical\" href=\"https:\/\/www.daripel.it\/fr\/prodotto\/agendas-e-notes-en-feutre-ag900-f-ag800-f\/\" \/>\n<meta property=\"og:locale\" content=\"fr_FR\" \/>\n<meta property=\"og:type\" content=\"article\" \/>\n<meta property=\"og:title\" content=\"Agendas e Notes en feutre - AG900\/F-AG800\/F - Daripel\" \/>\n<meta property=\"og:description\" content=\"Description : Agendas et carnets en feutre avec couvertures amovibles en feutre PET recycl\u00e9. Disponible en diff\u00e9rentes tailles selon les besoins et les inserts. Possibilit\u00e9 de fermeture avec \u00e9lastique ou sangle et \u00e9lastique porte-stylo.  Dimensions : diverses. Mati\u00e8re : feutre animal recycl\u00e9 et cuir r\u00e9g\u00e9n\u00e9r\u00e9. Personnalisation : s\u00e9rigraphie ou marquage \u00e0 chaud sur application de patch en cuir r\u00e9g\u00e9n\u00e9r\u00e9.\" \/>\n<meta property=\"og:url\" content=\"https:\/\/www.daripel.it\/fr\/prodotto\/agendas-e-notes-en-feutre-ag900-f-ag800-f\/\" \/>\n<meta property=\"og:site_name\" content=\"Daripel\" \/>\n<meta property=\"article:publisher\" content=\"https:\/\/www.facebook.com\/daripelsrl\" \/>\n<meta property=\"og:image\" content=\"https:\/\/www.daripel.it\/wp-content\/uploads\/2022\/11\/Agende-Notes-Feltro-inserti.webp\" \/>\n\t<meta property=\"og:image:width\" content=\"940\" \/>\n\t<meta property=\"og:image:height\" content=\"932\" \/>\n\t<meta property=\"og:image:type\" content=\"image\/webp\" \/>\n<meta name=\"twitter:card\" content=\"summary_large_image\" \/>\n<script type=\"application\/ld+json\" class=\"yoast-schema-graph\">{\"@context\":\"https:\/\/schema.org\",\"@graph\":[{\"@type\":\"WebPage\",\"@id\":\"https:\/\/www.daripel.it\/fr\/prodotto\/agendas-e-notes-en-feutre-ag900-f-ag800-f\/\",\"url\":\"https:\/\/www.daripel.it\/fr\/prodotto\/agendas-e-notes-en-feutre-ag900-f-ag800-f\/\",\"name\":\"Agendas e Notes en feutre - AG900\/F-AG800\/F - Daripel\",\"isPartOf\":{\"@id\":\"https:\/\/www.daripel.it\/fr\/#website\"},\"primaryImageOfPage\":{\"@id\":\"https:\/\/www.daripel.it\/fr\/prodotto\/agendas-e-notes-en-feutre-ag900-f-ag800-f\/#primaryimage\"},\"image\":{\"@id\":\"https:\/\/www.daripel.it\/fr\/prodotto\/agendas-e-notes-en-feutre-ag900-f-ag800-f\/#primaryimage\"},\"thumbnailUrl\":\"https:\/\/www.daripel.it\/wp-content\/uploads\/2022\/11\/Agende-Notes-Feltro-inserti.webp\",\"datePublished\":\"2025-04-18T07:28:39+00:00\",\"breadcrumb\":{\"@id\":\"https:\/\/www.daripel.it\/fr\/prodotto\/agendas-e-notes-en-feutre-ag900-f-ag800-f\/#breadcrumb\"},\"inLanguage\":\"fr-FR\",\"potentialAction\":[{\"@type\":\"ReadAction\",\"target\":[\"https:\/\/www.daripel.it\/fr\/prodotto\/agendas-e-notes-en-feutre-ag900-f-ag800-f\/\"]}]},{\"@type\":\"ImageObject\",\"inLanguage\":\"fr-FR\",\"@id\":\"https:\/\/www.daripel.it\/fr\/prodotto\/agendas-e-notes-en-feutre-ag900-f-ag800-f\/#primaryimage\",\"url\":\"https:\/\/www.daripel.it\/wp-content\/uploads\/2022\/11\/Agende-Notes-Feltro-inserti.webp\",\"contentUrl\":\"https:\/\/www.daripel.it\/wp-content\/uploads\/2022\/11\/Agende-Notes-Feltro-inserti.webp\",\"width\":940,\"height\":932},{\"@type\":\"BreadcrumbList\",\"@id\":\"https:\/\/www.daripel.it\/fr\/prodotto\/agendas-e-notes-en-feutre-ag900-f-ag800-f\/#breadcrumb\",\"itemListElement\":[{\"@type\":\"ListItem\",\"position\":1,\"name\":\"Home\",\"item\":\"https:\/\/www.daripel.it\/fr\/\"},{\"@type\":\"ListItem\",\"position\":2,\"name\":\"Produits\",\"item\":\"https:\/\/www.daripel.it\/produits\/\"},{\"@type\":\"ListItem\",\"position\":3,\"name\":\"Agendas e Notes en feutre &#8211; AG900\/F-AG800\/F\"}]},{\"@type\":\"WebSite\",\"@id\":\"https:\/\/www.daripel.it\/fr\/#website\",\"url\":\"https:\/\/www.daripel.it\/fr\/\",\"name\":\"Daripel\",\"description\":\"Prodotti su misura Made in Italy\",\"publisher\":{\"@id\":\"https:\/\/www.daripel.it\/fr\/#organization\"},\"potentialAction\":[{\"@type\":\"SearchAction\",\"target\":{\"@type\":\"EntryPoint\",\"urlTemplate\":\"https:\/\/www.daripel.it\/fr\/?s={search_term_string}\"},\"query-input\":{\"@type\":\"PropertyValueSpecification\",\"valueRequired\":true,\"valueName\":\"search_term_string\"}}],\"inLanguage\":\"fr-FR\"},{\"@type\":\"Organization\",\"@id\":\"https:\/\/www.daripel.it\/fr\/#organization\",\"name\":\"Daripel\",\"url\":\"https:\/\/www.daripel.it\/fr\/\",\"logo\":{\"@type\":\"ImageObject\",\"inLanguage\":\"fr-FR\",\"@id\":\"https:\/\/www.daripel.it\/fr\/#\/schema\/logo\/image\/\",\"url\":\"https:\/\/www.daripel.it\/wp-content\/uploads\/2020\/06\/daripel-logo@4x.png\",\"contentUrl\":\"https:\/\/www.daripel.it\/wp-content\/uploads\/2020\/06\/daripel-logo@4x.png\",\"width\":854,\"height\":198,\"caption\":\"Daripel\"},\"image\":{\"@id\":\"https:\/\/www.daripel.it\/fr\/#\/schema\/logo\/image\/\"},\"sameAs\":[\"https:\/\/www.facebook.com\/daripelsrl\",\"https:\/\/www.instagram.com\/daripel\/\",\"https:\/\/www.linkedin.com\/company\/68868727\/admin\/feed\/posts\/\"]}]}<\/script>\n<!-- \/ Yoast SEO plugin. -->","yoast_head_json":{"title":"Agendas e Notes en feutre - AG900\/F-AG800\/F - Daripel","robots":{"index":"index","follow":"follow","max-snippet":"max-snippet:-1","max-image-preview":"max-image-preview:large","max-video-preview":"max-video-preview:-1"},"canonical":"https:\/\/www.daripel.it\/fr\/prodotto\/agendas-e-notes-en-feutre-ag900-f-ag800-f\/","og_locale":"fr_FR","og_type":"article","og_title":"Agendas e Notes en feutre - AG900\/F-AG800\/F - Daripel","og_description":"Description : Agendas et carnets en feutre avec couvertures amovibles en feutre PET recycl\u00e9. Disponible en diff\u00e9rentes tailles selon les besoins et les inserts. Possibilit\u00e9 de fermeture avec \u00e9lastique ou sangle et \u00e9lastique porte-stylo.  Dimensions : diverses. Mati\u00e8re : feutre animal recycl\u00e9 et cuir r\u00e9g\u00e9n\u00e9r\u00e9. Personnalisation : s\u00e9rigraphie ou marquage \u00e0 chaud sur application de patch en cuir r\u00e9g\u00e9n\u00e9r\u00e9.","og_url":"https:\/\/www.daripel.it\/fr\/prodotto\/agendas-e-notes-en-feutre-ag900-f-ag800-f\/","og_site_name":"Daripel","article_publisher":"https:\/\/www.facebook.com\/daripelsrl","og_image":[{"width":940,"height":932,"url":"https:\/\/www.daripel.it\/wp-content\/uploads\/2022\/11\/Agende-Notes-Feltro-inserti.webp","type":"image\/webp"}],"twitter_card":"summary_large_image","schema":{"@context":"https:\/\/schema.org","@graph":[{"@type":"WebPage","@id":"https:\/\/www.daripel.it\/fr\/prodotto\/agendas-e-notes-en-feutre-ag900-f-ag800-f\/","url":"https:\/\/www.daripel.it\/fr\/prodotto\/agendas-e-notes-en-feutre-ag900-f-ag800-f\/","name":"Agendas e Notes en feutre - AG900\/F-AG800\/F - Daripel","isPartOf":{"@id":"https:\/\/www.daripel.it\/fr\/#website"},"primaryImageOfPage":{"@id":"https:\/\/www.daripel.it\/fr\/prodotto\/agendas-e-notes-en-feutre-ag900-f-ag800-f\/#primaryimage"},"image":{"@id":"https:\/\/www.daripel.it\/fr\/prodotto\/agendas-e-notes-en-feutre-ag900-f-ag800-f\/#primaryimage"},"thumbnailUrl":"https:\/\/www.daripel.it\/wp-content\/uploads\/2022\/11\/Agende-Notes-Feltro-inserti.webp","datePublished":"2025-04-18T07:28:39+00:00","breadcrumb":{"@id":"https:\/\/www.daripel.it\/fr\/prodotto\/agendas-e-notes-en-feutre-ag900-f-ag800-f\/#breadcrumb"},"inLanguage":"fr-FR","potentialAction":[{"@type":"ReadAction","target":["https:\/\/www.daripel.it\/fr\/prodotto\/agendas-e-notes-en-feutre-ag900-f-ag800-f\/"]}]},{"@type":"ImageObject","inLanguage":"fr-FR","@id":"https:\/\/www.daripel.it\/fr\/prodotto\/agendas-e-notes-en-feutre-ag900-f-ag800-f\/#primaryimage","url":"https:\/\/www.daripel.it\/wp-content\/uploads\/2022\/11\/Agende-Notes-Feltro-inserti.webp","contentUrl":"https:\/\/www.daripel.it\/wp-content\/uploads\/2022\/11\/Agende-Notes-Feltro-inserti.webp","width":940,"height":932},{"@type":"BreadcrumbList","@id":"https:\/\/www.daripel.it\/fr\/prodotto\/agendas-e-notes-en-feutre-ag900-f-ag800-f\/#breadcrumb","itemListElement":[{"@type":"ListItem","position":1,"name":"Home","item":"https:\/\/www.daripel.it\/fr\/"},{"@type":"ListItem","position":2,"name":"Produits","item":"https:\/\/www.daripel.it\/produits\/"},{"@type":"ListItem","position":3,"name":"Agendas e Notes en feutre &#8211; AG900\/F-AG800\/F"}]},{"@type":"WebSite","@id":"https:\/\/www.daripel.it\/fr\/#website","url":"https:\/\/www.daripel.it\/fr\/","name":"Daripel","description":"Prodotti su misura Made in Italy","publisher":{"@id":"https:\/\/www.daripel.it\/fr\/#organization"},"potentialAction":[{"@type":"SearchAction","target":{"@type":"EntryPoint","urlTemplate":"https:\/\/www.daripel.it\/fr\/?s={search_term_string}"},"query-input":{"@type":"PropertyValueSpecification","valueRequired":true,"valueName":"search_term_string"}}],"inLanguage":"fr-FR"},{"@type":"Organization","@id":"https:\/\/www.daripel.it\/fr\/#organization","name":"Daripel","url":"https:\/\/www.daripel.it\/fr\/","logo":{"@type":"ImageObject","inLanguage":"fr-FR","@id":"https:\/\/www.daripel.it\/fr\/#\/schema\/logo\/image\/","url":"https:\/\/www.daripel.it\/wp-content\/uploads\/2020\/06\/daripel-logo@4x.png","contentUrl":"https:\/\/www.daripel.it\/wp-content\/uploads\/2020\/06\/daripel-logo@4x.png","width":854,"height":198,"caption":"Daripel"},"image":{"@id":"https:\/\/www.daripel.it\/fr\/#\/schema\/logo\/image\/"},"sameAs":["https:\/\/www.facebook.com\/daripelsrl","https:\/\/www.instagram.com\/daripel\/","https:\/\/www.linkedin.com\/company\/68868727\/admin\/feed\/posts\/"]}]}},"_links":{"self":[{"href":"https:\/\/www.daripel.it\/fr\/wp-json\/wp\/v2\/product\/22528","targetHints":{"allow":["GET"]}}],"collection":[{"href":"https:\/\/www.daripel.it\/fr\/wp-json\/wp\/v2\/product"}],"about":[{"href":"https:\/\/www.daripel.it\/fr\/wp-json\/wp\/v2\/types\/product"}],"wp:featuredmedia":[{"embeddable":true,"href":"https:\/\/www.daripel.it\/fr\/wp-json\/wp\/v2\/media\/22529"}],"wp:attachment":[{"href":"https:\/\/www.daripel.it\/fr\/wp-json\/wp\/v2\/media?parent=22528"}],"wp:term":[{"taxonomy":"product_brand","embeddable":true,"href":"https:\/\/www.daripel.it\/fr\/wp-json\/wp\/v2\/product_brand?post=22528"},{"taxonomy":"product_cat","embeddable":true,"href":"https:\/\/www.daripel.it\/fr\/wp-json\/wp\/v2\/product_cat?post=22528"},{"taxonomy":"product_tag","embeddable":true,"href":"https:\/\/www.daripel.it\/fr\/wp-json\/wp\/v2\/product_tag?post=22528"}],"curies":[{"name":"wp","href":"https:\/\/api.w.org\/{rel}","templated":true}]}}