{"id":22944,"date":"2020-07-14T11:41:46","date_gmt":"2025-04-24T09:20:51","guid":{"rendered":"https:\/\/www.daripel.it\/prodotto\/pochette-porte-kit-auto-pchkit-auto03\/"},"modified":"2025-04-24T11:20:51","modified_gmt":"2025-04-24T09:20:51","slug":"pochette-porte-kit-auto-pchkit-auto03","status":"publish","type":"product","link":"https:\/\/www.daripel.it\/fr\/prodotto\/pochette-porte-kit-auto-pchkit-auto03\/","title":{"rendered":"Pochette porte-kit auto \u2013 PCHKIT-AUTO03"},"content":{"rendered":"<h3>Pochette porte-kit auto<\/h3>\n<p>Avec fermeture \u00e9clair et application frontale avec l\u2019embl\u00e8me du constructeur automobile.<\/p>\n<p>R\u00e9alisation possible d\u2019une \u00e9tiquette r\u00e9sin\u00e9e personnalis\u00e9e avec le logo du client.<\/p>\n<p>Poign\u00e9e appliqu\u00e9e sur la partie sup\u00e9rieure, r\u00e9alis\u00e9e dans le m\u00eame mat\u00e9riau que la trousse.<\/p>\n<p>&nbsp;<\/p>\n","protected":false},"excerpt":{"rendered":"<p><strong>Description<\/strong> : pochette porte-kit auto.<\/p>\n<p>Avec fermeture \u00e9clair et application frontale avec l\u2019embl\u00e8me du constructeur automobile.<\/p>\n<p>Possibilit\u00e9 de r\u00e9aliser \u00e9galement une \u00e9tiquette r\u00e9sin\u00e9e personnalis\u00e9e avec le logo du client. Poign\u00e9e appliqu\u00e9e sur la partie sup\u00e9rieure, r\u00e9alis\u00e9e dans le m\u00eame mat\u00e9riau que la trousse. <\/p>\n<p><strong>Dimensions<\/strong>: 23 x 12 x 17 cm<\/p>\n<p><strong>Mat\u00e9riau<\/strong> : r\u00e9alisable en cuir, similicuir ou avec les mat\u00e9riaux de notre ligne BIO.<\/p>\n<p><strong>Personnalisation<\/strong> : marquage \u00e0 chaud (Code A) ou impression s\u00e9rigraphique (Code B).<\/p>\n","protected":false},"featured_media":22945,"template":"","meta":[],"product_brand":[],"product_cat":[444,442,443],"product_tag":[],"class_list":{"0":"post-22944","1":"product","2":"type-product","3":"status-publish","4":"has-post-thumbnail","6":"product_cat-accessoires","7":"product_cat-articles-techniques","8":"product_cat-automotive-fr","9":"wcpa_has_options","11":"first","12":"instock","13":"shipping-taxable","14":"purchasable","15":"product-type-simple"},"wcpa_form_fields":{"rules":{"pric_overide_base_price":false,"pric_overide_base_price_if_gt_zero":false,"pric_overide_base_price_fully":false,"pric_cal_option_once":false,"pric_use_as_fee":false,"bind_quantity":false,"quantity_bind_formula":false},"fields":[{"type":"number","elementId":"wcpa-number-1669632001597","label":"Nombre de produits","description":"S\u00e9lectionnez la quantit\u00e9 de produits souhait\u00e9e","value":"100","pricingType":"fixed","min":"100","name":"number-1669632001597","cl_rule":"show","col":6,"relations":false,"form_id":22334,"form_rules":{"pric_cal_option_once":false,"exclude_from_discount":false,"pric_use_as_fee":false,"fee_label":"Fee","render_after_acb":false,"disp_hide_options_price":false}},{"type":"select","elementId":"wcpa-select-1594655756580","label":"Mat\u00e9riaux","description":"S\u00e9lectionner le type de mat\u00e9riau","priceOptions":"different_for_all","pricingType":"fixed","name":"select-1594655756580","enableCl":true,"cl_rule":"hide","cl_val":"574","col":6,"values":[{"label":"Cuir","value":"option-1","price":"","pimage":"","pimage_id":"","pthumb":""},{"label":"Similicuir","value":"option-2","price":"","pimage":"","pimage_id":"","pthumb":""}],"relations":[{"operator":false,"rules":[{"operator":false,"rules":{"cl_field":"attribute","cl_relation":"pa_materiale","cl_val":""}}]}],"form_id":22334,"form_rules":{"pric_cal_option_once":false,"exclude_from_discount":false,"pric_use_as_fee":false,"fee_label":"Fee","render_after_acb":false,"disp_hide_options_price":false}},{"type":"select","elementId":"wcpa-select-1748003332515","label":"Materiali","description":"Seleziona il tipo di materiale","priceOptions":"different_for_all","pricingType":"fixed","name":"select-1748003332513","enableCl":true,"cl_rule":"show","cl_val":"574","col":6,"values":[{"label":"Pelle","value":"option-1","price":"","pimage":"","pimage_id":"","pthumb":""},{"label":"Similpelle","value":"option-2","price":"","pimage":"","pimage_id":"","pthumb":""},{"label":"Materiale BIO","value":"option-3","price":"","pimage":"","pimage_id":"","pthumb":""}],"relations":[{"operator":false,"rules":[{"operator":false,"rules":{"cl_field":"attribute","cl_relation":"pa_materiale","cl_val":""}}]}],"form_id":22334,"form_rules":{"pric_cal_option_once":false,"exclude_from_discount":false,"pric_use_as_fee":false,"fee_label":"Fee","render_after_acb":false,"disp_hide_options_price":false}},{"type":"select","elementId":"wcpa-select-1594655761518","label":"Type d'impression","description":"S\u00e9lectionner le type d'impression","priceOptions":"different_for_all","pricingType":"fixed","name":"select-1594655761518","cl_rule":"show","col":6,"values":[{"label":"Impression en 1 couleur","value":"option-1","price":"","pimage":"","pimage_id":"","pthumb":""},{"label":"Marquage \u00e0 chaud","value":"option-2","price":"","pimage":"","pimage_id":"","pthumb":""}],"relations":false,"form_id":22334,"form_rules":{"pric_cal_option_once":false,"exclude_from_discount":false,"pric_use_as_fee":false,"fee_label":"Fee","render_after_acb":false,"disp_hide_options_price":false}},{"type":"file","elementId":"wcpa-file-1594655765359","label":"T\u00e9l\u00e9charger l'image","description":"Ins\u00e9rer ici l'image \u00e0 imprimer sur l'article","pricingType":"fixed","ajax_upload":true,"name":"file-1594655765359","showUploadPreview":true,"cl_rule":"show","col":6,"relations":false,"form_id":22334,"form_rules":{"pric_cal_option_once":false,"exclude_from_discount":false,"pric_use_as_fee":false,"fee_label":"Fee","render_after_acb":false,"disp_hide_options_price":false}},{"type":"text","elementId":"wcpa-text-1594655769124","label":"Plus d'informations","description":"\u00c9crivez ici si vous avez des demandes sp\u00e9ciales ou des informations suppl\u00e9mentaires.","pricingType":"fixed","name":"text-1594655769124","subtype":"text","cl_rule":"show","col":6,"relations":false,"form_id":22334,"form_rules":{"pric_cal_option_once":false,"exclude_from_discount":false,"pric_use_as_fee":false,"fee_label":"Fee","render_after_acb":false,"disp_hide_options_price":false}}]},"yoast_head":"<!-- This site is optimized with the Yoast SEO plugin v25.1 - https:\/\/yoast.com\/wordpress\/plugins\/seo\/ -->\n<title>Pochette porte-kit auto \u2013 PCHKIT-AUTO03 - Daripel<\/title>\n<meta name=\"robots\" content=\"index, follow, max-snippet:-1, max-image-preview:large, max-video-preview:-1\" \/>\n<link rel=\"canonical\" href=\"https:\/\/www.daripel.it\/fr\/prodotto\/pochette-porte-kit-auto-pchkit-auto03\/\" \/>\n<meta property=\"og:locale\" content=\"fr_FR\" \/>\n<meta property=\"og:type\" content=\"article\" \/>\n<meta property=\"og:title\" content=\"Pochette porte-kit auto \u2013 PCHKIT-AUTO03 - Daripel\" \/>\n<meta property=\"og:description\" content=\"Description : pochette porte-kit auto. Avec fermeture \u00e9clair et application frontale avec l\u2019embl\u00e8me du constructeur automobile. Possibilit\u00e9 de r\u00e9aliser \u00e9galement une \u00e9tiquette r\u00e9sin\u00e9e personnalis\u00e9e avec le logo du client. Poign\u00e9e appliqu\u00e9e sur la partie sup\u00e9rieure, r\u00e9alis\u00e9e dans le m\u00eame mat\u00e9riau que la trousse.  Dimensions: 23 x 12 x 17 cm Mat\u00e9riau : r\u00e9alisable en cuir, similicuir ou avec les mat\u00e9riaux de notre ligne BIO. Personnalisation : marquage \u00e0 chaud (Code A) ou impression s\u00e9rigraphique (Code B).\" \/>\n<meta property=\"og:url\" content=\"https:\/\/www.daripel.it\/fr\/prodotto\/pochette-porte-kit-auto-pchkit-auto03\/\" \/>\n<meta property=\"og:site_name\" content=\"Daripel\" \/>\n<meta property=\"article:publisher\" content=\"https:\/\/www.facebook.com\/daripelsrl\" \/>\n<meta property=\"og:image\" content=\"https:\/\/www.daripel.it\/wp-content\/uploads\/2020\/07\/PCHkit002.webp\" \/>\n\t<meta property=\"og:image:width\" content=\"947\" \/>\n\t<meta property=\"og:image:height\" content=\"947\" \/>\n\t<meta property=\"og:image:type\" content=\"image\/webp\" \/>\n<meta name=\"twitter:card\" content=\"summary_large_image\" \/>\n<script type=\"application\/ld+json\" class=\"yoast-schema-graph\">{\"@context\":\"https:\/\/schema.org\",\"@graph\":[{\"@type\":\"WebPage\",\"@id\":\"https:\/\/www.daripel.it\/fr\/prodotto\/pochette-porte-kit-auto-pchkit-auto03\/\",\"url\":\"https:\/\/www.daripel.it\/fr\/prodotto\/pochette-porte-kit-auto-pchkit-auto03\/\",\"name\":\"Pochette porte-kit auto \u2013 PCHKIT-AUTO03 - Daripel\",\"isPartOf\":{\"@id\":\"https:\/\/www.daripel.it\/fr\/#website\"},\"primaryImageOfPage\":{\"@id\":\"https:\/\/www.daripel.it\/fr\/prodotto\/pochette-porte-kit-auto-pchkit-auto03\/#primaryimage\"},\"image\":{\"@id\":\"https:\/\/www.daripel.it\/fr\/prodotto\/pochette-porte-kit-auto-pchkit-auto03\/#primaryimage\"},\"thumbnailUrl\":\"https:\/\/www.daripel.it\/wp-content\/uploads\/2020\/07\/PCHkit002.webp\",\"datePublished\":\"2025-04-24T09:20:51+00:00\",\"breadcrumb\":{\"@id\":\"https:\/\/www.daripel.it\/fr\/prodotto\/pochette-porte-kit-auto-pchkit-auto03\/#breadcrumb\"},\"inLanguage\":\"fr-FR\",\"potentialAction\":[{\"@type\":\"ReadAction\",\"target\":[\"https:\/\/www.daripel.it\/fr\/prodotto\/pochette-porte-kit-auto-pchkit-auto03\/\"]}]},{\"@type\":\"ImageObject\",\"inLanguage\":\"fr-FR\",\"@id\":\"https:\/\/www.daripel.it\/fr\/prodotto\/pochette-porte-kit-auto-pchkit-auto03\/#primaryimage\",\"url\":\"https:\/\/www.daripel.it\/wp-content\/uploads\/2020\/07\/PCHkit002.webp\",\"contentUrl\":\"https:\/\/www.daripel.it\/wp-content\/uploads\/2020\/07\/PCHkit002.webp\",\"width\":947,\"height\":947},{\"@type\":\"BreadcrumbList\",\"@id\":\"https:\/\/www.daripel.it\/fr\/prodotto\/pochette-porte-kit-auto-pchkit-auto03\/#breadcrumb\",\"itemListElement\":[{\"@type\":\"ListItem\",\"position\":1,\"name\":\"Home\",\"item\":\"https:\/\/www.daripel.it\/fr\/\"},{\"@type\":\"ListItem\",\"position\":2,\"name\":\"Produits\",\"item\":\"https:\/\/www.daripel.it\/produits\/\"},{\"@type\":\"ListItem\",\"position\":3,\"name\":\"Pochette porte-kit auto \u2013 PCHKIT-AUTO03\"}]},{\"@type\":\"WebSite\",\"@id\":\"https:\/\/www.daripel.it\/fr\/#website\",\"url\":\"https:\/\/www.daripel.it\/fr\/\",\"name\":\"Daripel\",\"description\":\"Prodotti su misura Made in Italy\",\"publisher\":{\"@id\":\"https:\/\/www.daripel.it\/fr\/#organization\"},\"potentialAction\":[{\"@type\":\"SearchAction\",\"target\":{\"@type\":\"EntryPoint\",\"urlTemplate\":\"https:\/\/www.daripel.it\/fr\/?s={search_term_string}\"},\"query-input\":{\"@type\":\"PropertyValueSpecification\",\"valueRequired\":true,\"valueName\":\"search_term_string\"}}],\"inLanguage\":\"fr-FR\"},{\"@type\":\"Organization\",\"@id\":\"https:\/\/www.daripel.it\/fr\/#organization\",\"name\":\"Daripel\",\"url\":\"https:\/\/www.daripel.it\/fr\/\",\"logo\":{\"@type\":\"ImageObject\",\"inLanguage\":\"fr-FR\",\"@id\":\"https:\/\/www.daripel.it\/fr\/#\/schema\/logo\/image\/\",\"url\":\"https:\/\/www.daripel.it\/wp-content\/uploads\/2020\/06\/daripel-logo@4x.png\",\"contentUrl\":\"https:\/\/www.daripel.it\/wp-content\/uploads\/2020\/06\/daripel-logo@4x.png\",\"width\":854,\"height\":198,\"caption\":\"Daripel\"},\"image\":{\"@id\":\"https:\/\/www.daripel.it\/fr\/#\/schema\/logo\/image\/\"},\"sameAs\":[\"https:\/\/www.facebook.com\/daripelsrl\",\"https:\/\/www.instagram.com\/daripel\/\",\"https:\/\/www.linkedin.com\/company\/68868727\/admin\/feed\/posts\/\"]}]}<\/script>\n<!-- \/ Yoast SEO plugin. -->","yoast_head_json":{"title":"Pochette porte-kit auto \u2013 PCHKIT-AUTO03 - Daripel","robots":{"index":"index","follow":"follow","max-snippet":"max-snippet:-1","max-image-preview":"max-image-preview:large","max-video-preview":"max-video-preview:-1"},"canonical":"https:\/\/www.daripel.it\/fr\/prodotto\/pochette-porte-kit-auto-pchkit-auto03\/","og_locale":"fr_FR","og_type":"article","og_title":"Pochette porte-kit auto \u2013 PCHKIT-AUTO03 - Daripel","og_description":"Description : pochette porte-kit auto. Avec fermeture \u00e9clair et application frontale avec l\u2019embl\u00e8me du constructeur automobile. Possibilit\u00e9 de r\u00e9aliser \u00e9galement une \u00e9tiquette r\u00e9sin\u00e9e personnalis\u00e9e avec le logo du client. Poign\u00e9e appliqu\u00e9e sur la partie sup\u00e9rieure, r\u00e9alis\u00e9e dans le m\u00eame mat\u00e9riau que la trousse.  Dimensions: 23 x 12 x 17 cm Mat\u00e9riau : r\u00e9alisable en cuir, similicuir ou avec les mat\u00e9riaux de notre ligne BIO. Personnalisation : marquage \u00e0 chaud (Code A) ou impression s\u00e9rigraphique (Code B).","og_url":"https:\/\/www.daripel.it\/fr\/prodotto\/pochette-porte-kit-auto-pchkit-auto03\/","og_site_name":"Daripel","article_publisher":"https:\/\/www.facebook.com\/daripelsrl","og_image":[{"width":947,"height":947,"url":"https:\/\/www.daripel.it\/wp-content\/uploads\/2020\/07\/PCHkit002.webp","type":"image\/webp"}],"twitter_card":"summary_large_image","schema":{"@context":"https:\/\/schema.org","@graph":[{"@type":"WebPage","@id":"https:\/\/www.daripel.it\/fr\/prodotto\/pochette-porte-kit-auto-pchkit-auto03\/","url":"https:\/\/www.daripel.it\/fr\/prodotto\/pochette-porte-kit-auto-pchkit-auto03\/","name":"Pochette porte-kit auto \u2013 PCHKIT-AUTO03 - Daripel","isPartOf":{"@id":"https:\/\/www.daripel.it\/fr\/#website"},"primaryImageOfPage":{"@id":"https:\/\/www.daripel.it\/fr\/prodotto\/pochette-porte-kit-auto-pchkit-auto03\/#primaryimage"},"image":{"@id":"https:\/\/www.daripel.it\/fr\/prodotto\/pochette-porte-kit-auto-pchkit-auto03\/#primaryimage"},"thumbnailUrl":"https:\/\/www.daripel.it\/wp-content\/uploads\/2020\/07\/PCHkit002.webp","datePublished":"2025-04-24T09:20:51+00:00","breadcrumb":{"@id":"https:\/\/www.daripel.it\/fr\/prodotto\/pochette-porte-kit-auto-pchkit-auto03\/#breadcrumb"},"inLanguage":"fr-FR","potentialAction":[{"@type":"ReadAction","target":["https:\/\/www.daripel.it\/fr\/prodotto\/pochette-porte-kit-auto-pchkit-auto03\/"]}]},{"@type":"ImageObject","inLanguage":"fr-FR","@id":"https:\/\/www.daripel.it\/fr\/prodotto\/pochette-porte-kit-auto-pchkit-auto03\/#primaryimage","url":"https:\/\/www.daripel.it\/wp-content\/uploads\/2020\/07\/PCHkit002.webp","contentUrl":"https:\/\/www.daripel.it\/wp-content\/uploads\/2020\/07\/PCHkit002.webp","width":947,"height":947},{"@type":"BreadcrumbList","@id":"https:\/\/www.daripel.it\/fr\/prodotto\/pochette-porte-kit-auto-pchkit-auto03\/#breadcrumb","itemListElement":[{"@type":"ListItem","position":1,"name":"Home","item":"https:\/\/www.daripel.it\/fr\/"},{"@type":"ListItem","position":2,"name":"Produits","item":"https:\/\/www.daripel.it\/produits\/"},{"@type":"ListItem","position":3,"name":"Pochette porte-kit auto \u2013 PCHKIT-AUTO03"}]},{"@type":"WebSite","@id":"https:\/\/www.daripel.it\/fr\/#website","url":"https:\/\/www.daripel.it\/fr\/","name":"Daripel","description":"Prodotti su misura Made in Italy","publisher":{"@id":"https:\/\/www.daripel.it\/fr\/#organization"},"potentialAction":[{"@type":"SearchAction","target":{"@type":"EntryPoint","urlTemplate":"https:\/\/www.daripel.it\/fr\/?s={search_term_string}"},"query-input":{"@type":"PropertyValueSpecification","valueRequired":true,"valueName":"search_term_string"}}],"inLanguage":"fr-FR"},{"@type":"Organization","@id":"https:\/\/www.daripel.it\/fr\/#organization","name":"Daripel","url":"https:\/\/www.daripel.it\/fr\/","logo":{"@type":"ImageObject","inLanguage":"fr-FR","@id":"https:\/\/www.daripel.it\/fr\/#\/schema\/logo\/image\/","url":"https:\/\/www.daripel.it\/wp-content\/uploads\/2020\/06\/daripel-logo@4x.png","contentUrl":"https:\/\/www.daripel.it\/wp-content\/uploads\/2020\/06\/daripel-logo@4x.png","width":854,"height":198,"caption":"Daripel"},"image":{"@id":"https:\/\/www.daripel.it\/fr\/#\/schema\/logo\/image\/"},"sameAs":["https:\/\/www.facebook.com\/daripelsrl","https:\/\/www.instagram.com\/daripel\/","https:\/\/www.linkedin.com\/company\/68868727\/admin\/feed\/posts\/"]}]}},"_links":{"self":[{"href":"https:\/\/www.daripel.it\/fr\/wp-json\/wp\/v2\/product\/22944","targetHints":{"allow":["GET"]}}],"collection":[{"href":"https:\/\/www.daripel.it\/fr\/wp-json\/wp\/v2\/product"}],"about":[{"href":"https:\/\/www.daripel.it\/fr\/wp-json\/wp\/v2\/types\/product"}],"wp:featuredmedia":[{"embeddable":true,"href":"https:\/\/www.daripel.it\/fr\/wp-json\/wp\/v2\/media\/22945"}],"wp:attachment":[{"href":"https:\/\/www.daripel.it\/fr\/wp-json\/wp\/v2\/media?parent=22944"}],"wp:term":[{"taxonomy":"product_brand","embeddable":true,"href":"https:\/\/www.daripel.it\/fr\/wp-json\/wp\/v2\/product_brand?post=22944"},{"taxonomy":"product_cat","embeddable":true,"href":"https:\/\/www.daripel.it\/fr\/wp-json\/wp\/v2\/product_cat?post=22944"},{"taxonomy":"product_tag","embeddable":true,"href":"https:\/\/www.daripel.it\/fr\/wp-json\/wp\/v2\/product_tag?post=22944"}],"curies":[{"name":"wp","href":"https:\/\/api.w.org\/{rel}","templated":true}]}}