{"id":22991,"date":"2020-07-14T11:41:41","date_gmt":"2025-04-24T10:18:22","guid":{"rendered":"https:\/\/www.daripel.it\/prodotto\/dossier-presse-papiers-ca406\/"},"modified":"2025-04-24T12:18:22","modified_gmt":"2025-04-24T10:18:22","slug":"dossier-presse-papiers-ca406","status":"publish","type":"product","link":"https:\/\/www.daripel.it\/fr\/prodotto\/dossier-presse-papiers-ca406\/","title":{"rendered":"Dossier Presse-papiers &#8211; CA406"},"content":{"rendered":"<h3>Dossier Presse-papiers<\/h3>\n<p>Cartonn\u00e9e et rembourr\u00e9e, r\u00e9alisable en cuir et en similicuir.<\/p>\n<p>R\u00e9alisable avec ou sans \u00e9lastique de fermeture.<\/p>\n<p>F.toA4<\/p>\n","protected":false},"excerpt":{"rendered":"<p><strong>Description<\/strong> : chemise porte-bloc avec poche en \u00ab\u00a0L\u00a0\u00bb et deux compartiments pour cartes. Int\u00e9rieur doublable dans le m\u00eame mat\u00e9riau que la couverture ou en TNT. Couverture rembourr\u00e9e, avec possibilit\u00e9 de variante avec fermeture par \u00e9lastique.  <\/p>\n<p><strong>Dimensions<\/strong>: 31,5 x 23 cm.<\/p>\n<p><strong>Mat\u00e9riau<\/strong> : r\u00e9alisable en cuir, similicuir et avec les mat\u00e9riaux de notre ligne Bio.<\/p>\n<p><strong>Personnalisation<\/strong> : marquage \u00e0 chaud (A) marquage \u00e0 chaud, (B) impression s\u00e9rigraphique. <\/p>\n","protected":false},"featured_media":22992,"template":"","meta":[],"product_brand":[],"product_cat":[462,466],"product_tag":[],"class_list":{"0":"post-22991","1":"product","2":"type-product","3":"status-publish","4":"has-post-thumbnail","6":"product_cat-bureau","7":"product_cat-porte-notes-et-classeurs","8":"wcpa_has_options","10":"first","11":"instock","12":"shipping-taxable","13":"purchasable","14":"product-type-simple"},"wcpa_form_fields":{"rules":{"pric_overide_base_price":false,"pric_overide_base_price_if_gt_zero":false,"pric_overide_base_price_fully":false,"pric_cal_option_once":false,"pric_use_as_fee":false,"bind_quantity":false,"quantity_bind_formula":false},"fields":[{"type":"number","elementId":"wcpa-number-1669632001597","label":"Nombre de produits","description":"S\u00e9lectionnez la quantit\u00e9 de produits souhait\u00e9e","value":"100","pricingType":"fixed","min":"100","name":"number-1669632001597","cl_rule":"show","col":6,"relations":false,"form_id":22334,"form_rules":{"pric_cal_option_once":false,"exclude_from_discount":false,"pric_use_as_fee":false,"fee_label":"Fee","render_after_acb":false,"disp_hide_options_price":false}},{"type":"select","elementId":"wcpa-select-1594655756580","label":"Mat\u00e9riaux","description":"S\u00e9lectionner le type de mat\u00e9riau","priceOptions":"different_for_all","pricingType":"fixed","name":"select-1594655756580","enableCl":true,"cl_rule":"hide","cl_val":"574","col":6,"values":[{"label":"Cuir","value":"option-1","price":"","pimage":"","pimage_id":"","pthumb":""},{"label":"Similicuir","value":"option-2","price":"","pimage":"","pimage_id":"","pthumb":""}],"relations":[{"operator":false,"rules":[{"operator":false,"rules":{"cl_field":"attribute","cl_relation":"pa_materiale","cl_val":""}}]}],"form_id":22334,"form_rules":{"pric_cal_option_once":false,"exclude_from_discount":false,"pric_use_as_fee":false,"fee_label":"Fee","render_after_acb":false,"disp_hide_options_price":false}},{"type":"select","elementId":"wcpa-select-1748003332515","label":"Materiali","description":"Seleziona il tipo di materiale","priceOptions":"different_for_all","pricingType":"fixed","name":"select-1748003332513","enableCl":true,"cl_rule":"show","cl_val":"574","col":6,"values":[{"label":"Pelle","value":"option-1","price":"","pimage":"","pimage_id":"","pthumb":""},{"label":"Similpelle","value":"option-2","price":"","pimage":"","pimage_id":"","pthumb":""},{"label":"Materiale BIO","value":"option-3","price":"","pimage":"","pimage_id":"","pthumb":""}],"relations":[{"operator":false,"rules":[{"operator":false,"rules":{"cl_field":"attribute","cl_relation":"pa_materiale","cl_val":""}}]}],"form_id":22334,"form_rules":{"pric_cal_option_once":false,"exclude_from_discount":false,"pric_use_as_fee":false,"fee_label":"Fee","render_after_acb":false,"disp_hide_options_price":false}},{"type":"select","elementId":"wcpa-select-1594655761518","label":"Type d'impression","description":"S\u00e9lectionner le type d'impression","priceOptions":"different_for_all","pricingType":"fixed","name":"select-1594655761518","cl_rule":"show","col":6,"values":[{"label":"Impression en 1 couleur","value":"option-1","price":"","pimage":"","pimage_id":"","pthumb":""},{"label":"Marquage \u00e0 chaud","value":"option-2","price":"","pimage":"","pimage_id":"","pthumb":""}],"relations":false,"form_id":22334,"form_rules":{"pric_cal_option_once":false,"exclude_from_discount":false,"pric_use_as_fee":false,"fee_label":"Fee","render_after_acb":false,"disp_hide_options_price":false}},{"type":"file","elementId":"wcpa-file-1594655765359","label":"T\u00e9l\u00e9charger l'image","description":"Ins\u00e9rer ici l'image \u00e0 imprimer sur l'article","pricingType":"fixed","ajax_upload":true,"name":"file-1594655765359","showUploadPreview":true,"cl_rule":"show","col":6,"relations":false,"form_id":22334,"form_rules":{"pric_cal_option_once":false,"exclude_from_discount":false,"pric_use_as_fee":false,"fee_label":"Fee","render_after_acb":false,"disp_hide_options_price":false}},{"type":"text","elementId":"wcpa-text-1594655769124","label":"Plus d'informations","description":"\u00c9crivez ici si vous avez des demandes sp\u00e9ciales ou des informations suppl\u00e9mentaires.","pricingType":"fixed","name":"text-1594655769124","subtype":"text","cl_rule":"show","col":6,"relations":false,"form_id":22334,"form_rules":{"pric_cal_option_once":false,"exclude_from_discount":false,"pric_use_as_fee":false,"fee_label":"Fee","render_after_acb":false,"disp_hide_options_price":false}}]},"yoast_head":"<!-- This site is optimized with the Yoast SEO plugin v27.4 - https:\/\/yoast.com\/product\/yoast-seo-wordpress\/ -->\n<title>Dossier Presse-papiers - CA406 - Daripel<\/title>\n<meta name=\"robots\" content=\"index, follow, max-snippet:-1, max-image-preview:large, max-video-preview:-1\" \/>\n<link rel=\"canonical\" href=\"https:\/\/www.daripel.it\/fr\/prodotto\/dossier-presse-papiers-ca406\/\" \/>\n<meta property=\"og:locale\" content=\"fr_FR\" \/>\n<meta property=\"og:type\" content=\"article\" \/>\n<meta property=\"og:title\" content=\"Dossier Presse-papiers - CA406 - Daripel\" \/>\n<meta property=\"og:description\" content=\"Description : chemise porte-bloc avec poche en &quot;L&quot; et deux compartiments pour cartes. Int\u00e9rieur doublable dans le m\u00eame mat\u00e9riau que la couverture ou en TNT. Couverture rembourr\u00e9e, avec possibilit\u00e9 de variante avec fermeture par \u00e9lastique.  Dimensions: 31,5 x 23 cm. Mat\u00e9riau : r\u00e9alisable en cuir, similicuir et avec les mat\u00e9riaux de notre ligne Bio. Personnalisation : marquage \u00e0 chaud (A) marquage \u00e0 chaud, (B) impression s\u00e9rigraphique.\" \/>\n<meta property=\"og:url\" content=\"https:\/\/www.daripel.it\/fr\/prodotto\/dossier-presse-papiers-ca406\/\" \/>\n<meta property=\"og:site_name\" content=\"Daripel\" \/>\n<meta property=\"article:publisher\" content=\"https:\/\/www.facebook.com\/daripelsrl\" \/>\n<meta name=\"twitter:card\" content=\"summary_large_image\" \/>\n<script type=\"application\/ld+json\" class=\"yoast-schema-graph\">{\"@context\":\"https:\\\/\\\/schema.org\",\"@graph\":[{\"@type\":\"WebPage\",\"@id\":\"https:\\\/\\\/www.daripel.it\\\/fr\\\/prodotto\\\/dossier-presse-papiers-ca406\\\/\",\"url\":\"https:\\\/\\\/www.daripel.it\\\/fr\\\/prodotto\\\/dossier-presse-papiers-ca406\\\/\",\"name\":\"Dossier Presse-papiers - CA406 - Daripel\",\"isPartOf\":{\"@id\":\"https:\\\/\\\/www.daripel.it\\\/fr\\\/#website\"},\"primaryImageOfPage\":{\"@id\":\"https:\\\/\\\/www.daripel.it\\\/fr\\\/prodotto\\\/dossier-presse-papiers-ca406\\\/#primaryimage\"},\"image\":{\"@id\":\"https:\\\/\\\/www.daripel.it\\\/fr\\\/prodotto\\\/dossier-presse-papiers-ca406\\\/#primaryimage\"},\"thumbnailUrl\":\"https:\\\/\\\/www.daripel.it\\\/wp-content\\\/uploads\\\/2020\\\/07\\\/CA406-300x296-1.webp\",\"datePublished\":\"2025-04-24T10:18:22+00:00\",\"breadcrumb\":{\"@id\":\"https:\\\/\\\/www.daripel.it\\\/fr\\\/prodotto\\\/dossier-presse-papiers-ca406\\\/#breadcrumb\"},\"inLanguage\":\"fr-FR\",\"potentialAction\":[{\"@type\":\"ReadAction\",\"target\":[\"https:\\\/\\\/www.daripel.it\\\/fr\\\/prodotto\\\/dossier-presse-papiers-ca406\\\/\"]}]},{\"@type\":\"ImageObject\",\"inLanguage\":\"fr-FR\",\"@id\":\"https:\\\/\\\/www.daripel.it\\\/fr\\\/prodotto\\\/dossier-presse-papiers-ca406\\\/#primaryimage\",\"url\":\"https:\\\/\\\/www.daripel.it\\\/wp-content\\\/uploads\\\/2020\\\/07\\\/CA406-300x296-1.webp\",\"contentUrl\":\"https:\\\/\\\/www.daripel.it\\\/wp-content\\\/uploads\\\/2020\\\/07\\\/CA406-300x296-1.webp\",\"width\":300,\"height\":296},{\"@type\":\"BreadcrumbList\",\"@id\":\"https:\\\/\\\/www.daripel.it\\\/fr\\\/prodotto\\\/dossier-presse-papiers-ca406\\\/#breadcrumb\",\"itemListElement\":[{\"@type\":\"ListItem\",\"position\":1,\"name\":\"Home\",\"item\":\"https:\\\/\\\/www.daripel.it\\\/fr\\\/\"},{\"@type\":\"ListItem\",\"position\":2,\"name\":\"Produits\",\"item\":\"https:\\\/\\\/www.daripel.it\\\/produits\\\/\"},{\"@type\":\"ListItem\",\"position\":3,\"name\":\"Dossier Presse-papiers &#8211; CA406\"}]},{\"@type\":\"WebSite\",\"@id\":\"https:\\\/\\\/www.daripel.it\\\/fr\\\/#website\",\"url\":\"https:\\\/\\\/www.daripel.it\\\/fr\\\/\",\"name\":\"Daripel\",\"description\":\"Prodotti su misura Made in Italy\",\"publisher\":{\"@id\":\"https:\\\/\\\/www.daripel.it\\\/fr\\\/#organization\"},\"potentialAction\":[{\"@type\":\"SearchAction\",\"target\":{\"@type\":\"EntryPoint\",\"urlTemplate\":\"https:\\\/\\\/www.daripel.it\\\/fr\\\/?s={search_term_string}\"},\"query-input\":{\"@type\":\"PropertyValueSpecification\",\"valueRequired\":true,\"valueName\":\"search_term_string\"}}],\"inLanguage\":\"fr-FR\"},{\"@type\":\"Organization\",\"@id\":\"https:\\\/\\\/www.daripel.it\\\/fr\\\/#organization\",\"name\":\"Daripel\",\"url\":\"https:\\\/\\\/www.daripel.it\\\/fr\\\/\",\"logo\":{\"@type\":\"ImageObject\",\"inLanguage\":\"fr-FR\",\"@id\":\"https:\\\/\\\/www.daripel.it\\\/fr\\\/#\\\/schema\\\/logo\\\/image\\\/\",\"url\":\"https:\\\/\\\/www.daripel.it\\\/wp-content\\\/uploads\\\/2020\\\/06\\\/daripel-logo@4x.png\",\"contentUrl\":\"https:\\\/\\\/www.daripel.it\\\/wp-content\\\/uploads\\\/2020\\\/06\\\/daripel-logo@4x.png\",\"width\":854,\"height\":198,\"caption\":\"Daripel\"},\"image\":{\"@id\":\"https:\\\/\\\/www.daripel.it\\\/fr\\\/#\\\/schema\\\/logo\\\/image\\\/\"},\"sameAs\":[\"https:\\\/\\\/www.facebook.com\\\/daripelsrl\",\"https:\\\/\\\/www.instagram.com\\\/daripel\\\/\",\"https:\\\/\\\/www.linkedin.com\\\/company\\\/68868727\\\/admin\\\/feed\\\/posts\\\/\"]}]}<\/script>\n<!-- \/ Yoast SEO plugin. -->","yoast_head_json":{"title":"Dossier Presse-papiers - CA406 - Daripel","robots":{"index":"index","follow":"follow","max-snippet":"max-snippet:-1","max-image-preview":"max-image-preview:large","max-video-preview":"max-video-preview:-1"},"canonical":"https:\/\/www.daripel.it\/fr\/prodotto\/dossier-presse-papiers-ca406\/","og_locale":"fr_FR","og_type":"article","og_title":"Dossier Presse-papiers - CA406 - Daripel","og_description":"Description : chemise porte-bloc avec poche en \"L\" et deux compartiments pour cartes. Int\u00e9rieur doublable dans le m\u00eame mat\u00e9riau que la couverture ou en TNT. Couverture rembourr\u00e9e, avec possibilit\u00e9 de variante avec fermeture par \u00e9lastique.  Dimensions: 31,5 x 23 cm. Mat\u00e9riau : r\u00e9alisable en cuir, similicuir et avec les mat\u00e9riaux de notre ligne Bio. Personnalisation : marquage \u00e0 chaud (A) marquage \u00e0 chaud, (B) impression s\u00e9rigraphique.","og_url":"https:\/\/www.daripel.it\/fr\/prodotto\/dossier-presse-papiers-ca406\/","og_site_name":"Daripel","article_publisher":"https:\/\/www.facebook.com\/daripelsrl","twitter_card":"summary_large_image","schema":{"@context":"https:\/\/schema.org","@graph":[{"@type":"WebPage","@id":"https:\/\/www.daripel.it\/fr\/prodotto\/dossier-presse-papiers-ca406\/","url":"https:\/\/www.daripel.it\/fr\/prodotto\/dossier-presse-papiers-ca406\/","name":"Dossier Presse-papiers - CA406 - Daripel","isPartOf":{"@id":"https:\/\/www.daripel.it\/fr\/#website"},"primaryImageOfPage":{"@id":"https:\/\/www.daripel.it\/fr\/prodotto\/dossier-presse-papiers-ca406\/#primaryimage"},"image":{"@id":"https:\/\/www.daripel.it\/fr\/prodotto\/dossier-presse-papiers-ca406\/#primaryimage"},"thumbnailUrl":"https:\/\/www.daripel.it\/wp-content\/uploads\/2020\/07\/CA406-300x296-1.webp","datePublished":"2025-04-24T10:18:22+00:00","breadcrumb":{"@id":"https:\/\/www.daripel.it\/fr\/prodotto\/dossier-presse-papiers-ca406\/#breadcrumb"},"inLanguage":"fr-FR","potentialAction":[{"@type":"ReadAction","target":["https:\/\/www.daripel.it\/fr\/prodotto\/dossier-presse-papiers-ca406\/"]}]},{"@type":"ImageObject","inLanguage":"fr-FR","@id":"https:\/\/www.daripel.it\/fr\/prodotto\/dossier-presse-papiers-ca406\/#primaryimage","url":"https:\/\/www.daripel.it\/wp-content\/uploads\/2020\/07\/CA406-300x296-1.webp","contentUrl":"https:\/\/www.daripel.it\/wp-content\/uploads\/2020\/07\/CA406-300x296-1.webp","width":300,"height":296},{"@type":"BreadcrumbList","@id":"https:\/\/www.daripel.it\/fr\/prodotto\/dossier-presse-papiers-ca406\/#breadcrumb","itemListElement":[{"@type":"ListItem","position":1,"name":"Home","item":"https:\/\/www.daripel.it\/fr\/"},{"@type":"ListItem","position":2,"name":"Produits","item":"https:\/\/www.daripel.it\/produits\/"},{"@type":"ListItem","position":3,"name":"Dossier Presse-papiers &#8211; CA406"}]},{"@type":"WebSite","@id":"https:\/\/www.daripel.it\/fr\/#website","url":"https:\/\/www.daripel.it\/fr\/","name":"Daripel","description":"Prodotti su misura Made in Italy","publisher":{"@id":"https:\/\/www.daripel.it\/fr\/#organization"},"potentialAction":[{"@type":"SearchAction","target":{"@type":"EntryPoint","urlTemplate":"https:\/\/www.daripel.it\/fr\/?s={search_term_string}"},"query-input":{"@type":"PropertyValueSpecification","valueRequired":true,"valueName":"search_term_string"}}],"inLanguage":"fr-FR"},{"@type":"Organization","@id":"https:\/\/www.daripel.it\/fr\/#organization","name":"Daripel","url":"https:\/\/www.daripel.it\/fr\/","logo":{"@type":"ImageObject","inLanguage":"fr-FR","@id":"https:\/\/www.daripel.it\/fr\/#\/schema\/logo\/image\/","url":"https:\/\/www.daripel.it\/wp-content\/uploads\/2020\/06\/daripel-logo@4x.png","contentUrl":"https:\/\/www.daripel.it\/wp-content\/uploads\/2020\/06\/daripel-logo@4x.png","width":854,"height":198,"caption":"Daripel"},"image":{"@id":"https:\/\/www.daripel.it\/fr\/#\/schema\/logo\/image\/"},"sameAs":["https:\/\/www.facebook.com\/daripelsrl","https:\/\/www.instagram.com\/daripel\/","https:\/\/www.linkedin.com\/company\/68868727\/admin\/feed\/posts\/"]}]}},"_links":{"self":[{"href":"https:\/\/www.daripel.it\/fr\/wp-json\/wp\/v2\/product\/22991","targetHints":{"allow":["GET"]}}],"collection":[{"href":"https:\/\/www.daripel.it\/fr\/wp-json\/wp\/v2\/product"}],"about":[{"href":"https:\/\/www.daripel.it\/fr\/wp-json\/wp\/v2\/types\/product"}],"wp:featuredmedia":[{"embeddable":true,"href":"https:\/\/www.daripel.it\/fr\/wp-json\/wp\/v2\/media\/22992"}],"wp:attachment":[{"href":"https:\/\/www.daripel.it\/fr\/wp-json\/wp\/v2\/media?parent=22991"}],"wp:term":[{"taxonomy":"product_brand","embeddable":true,"href":"https:\/\/www.daripel.it\/fr\/wp-json\/wp\/v2\/product_brand?post=22991"},{"taxonomy":"product_cat","embeddable":true,"href":"https:\/\/www.daripel.it\/fr\/wp-json\/wp\/v2\/product_cat?post=22991"},{"taxonomy":"product_tag","embeddable":true,"href":"https:\/\/www.daripel.it\/fr\/wp-json\/wp\/v2\/product_tag?post=22991"}],"curies":[{"name":"wp","href":"https:\/\/api.w.org\/{rel}","templated":true}]}}